{"id":878,"date":"2017-09-18T14:46:15","date_gmt":"2017-09-18T12:46:15","guid":{"rendered":"http:\/\/www.uniqconsult.de\/cms\/?page_id=878"},"modified":"2021-02-22T23:47:46","modified_gmt":"2021-02-22T22:47:46","slug":"datenschutzerklaerung","status":"publish","type":"page","link":"https:\/\/www.uniqconsult.de\/cms\/datenschutzerklaerung\/","title":{"rendered":"Datenschutzerkl\u00e4rung"},"content":{"rendered":"<div id=\"pl-878\"  class=\"panel-layout\" ><div id=\"pg-878-0\"  class=\"panel-grid panel-no-style\" ><div id=\"pgc-878-0-0\"  class=\"panel-grid-cell\" ><div id=\"panel-878-0-0-0\" class=\"so-panel widget widget_sow-editor panel-first-child panel-last-child\" data-index=\"0\" ><div\n\t\t\t\n\t\t\tclass=\"so-widget-sow-editor so-widget-sow-editor-base\"\n\t\t\t\n\t\t>\n<div class=\"siteorigin-widget-tinymce textwidget\">\n\t<h4>Erhebung und Verarbeitung von Daten<\/h4>\n<p>Jeder Zugriff auf unsere Internetseite und jeder Abruf einer auf dieser Website hinterlegten Datei werden protokolliert. Die Speicherung dient internen systembezogenen und statistischen Zwecken. Protokolliert werden: Name der abgerufenen Datei, Datum und Uhrzeit des Abrufs, \u00fcbertragene Datenmenge, Meldung \u00fcber erfolgreichen Abruf, Webbrowser und anfragende Domain. Zus\u00e4tzlich werden die IP Adressen der anfragenden Rechner protokolliert. Weitergehende personenbezogene Daten werden nur erfasst, wenn der Nutzer der Website und\/oder Kunde Angaben freiwillig, etwa im Rahmen einer Anfrage oder Registrierung oder zum Abschluss eines Vertrages oder \u00fcber die Einstellungen seines Browsers t\u00e4tigt.<\/p>\n<p>Unsere Internetseite verwendet Cookies. Ein Cookie ist eine Textdatei, die beim Besuch einer Internetseite verschickt und auf der Festplatte des Nutzer der Website und\/oder Kunden zwischengespeichert wird. Wird der entsprechende Server unserer Webseite erneut vom Nutzer der Website und\/oder Kunden aufgerufen, sendet der Browser des Nutzers der Website und\/oder des Kunden den zuvor empfangenen Cookie wieder zur\u00fcck an den Server. Der Server kann dann die durch diese Prozedur erhaltenen Informationen auf verschiedene Arten auswerten. Durch Cookies k\u00f6nnen z. B. Werbeeinblendungen gesteuert oder das Navigieren auf einer Internetseite erleichtert werden. Wenn der Nutzer der Website und\/oder Kunde die Nutzung von Cookies unterbinden will, kann er dies durch lokale Vornahme der \u00c4nderungen seiner Einstellungen in dem auf seinem Computer verwendeten Internetbrowser, also dem Programm zum \u00d6ffnen und Anzeigen von Internetseiten (z.B. Internet Explorer, Mozilla Firefox, Opera oder Safari) tun.<\/p>\n<\/div>\n<\/div><\/div><\/div><\/div><div id=\"pg-878-1\"  class=\"panel-grid panel-no-style\" ><div id=\"pgc-878-1-0\"  class=\"panel-grid-cell\" ><div id=\"panel-878-1-0-0\" class=\"so-panel widget widget_sow-editor panel-first-child panel-last-child\" data-index=\"1\" ><div\n\t\t\t\n\t\t\tclass=\"so-widget-sow-editor so-widget-sow-editor-base\"\n\t\t\t\n\t\t>\n<div class=\"siteorigin-widget-tinymce textwidget\">\n\t<h4>Nutzung und Weitergabe personenbezogener Daten<\/h4>\n<p>Soweit der Nutzer unserer Webseite personenbezogene Daten zur Verf\u00fcgung gestellt hat, verwenden wir diese nur zur Beantwortung von Anfragen des Nutzers der Website und\/oder Kunden, zur Abwicklung mit dem Nutzer der Website und\/oder Kunden geschlossener Vertr\u00e4ge und f\u00fcr die technische Administration. Personenbezogene Daten werden von uns an Dritte nur weitergegeben oder sonst \u00fcbermittelt, wenn dies zum Zwecke der Vertragsabwicklung oder zu Abrechnungszwecken erforderlich ist oder der Nutzer der Website und\/oder Kunde zuvor eingewilligt hat. Der Nutzer der Website und\/oder Kunde hat das Recht, eine erteilte Einwilligung mit Wirkung f\u00fcr die Zukunft jederzeit zu widerrufen.<\/p>\n<p>Die L\u00f6schung der gespeicherten personenbezogenen Daten erfolgt, wenn der Nutzer der Website und\/oder Kunde die Einwilligung zur Speicherung widerruft, wenn ihre Kenntnis zur Erf\u00fcllung des mit der Speicherung verfolgten Zwecks nicht mehr erforderlich ist oder wenn ihre Speicherung aus sonstigen gesetzlichen Gr\u00fcnden unzul\u00e4ssig ist. Daten f\u00fcr Abrechnungszwecke und buchhalterische Zwecke werden von einem L\u00f6schungsverlangen nicht ber\u00fchrt.<\/p>\n<\/div>\n<\/div><\/div><\/div><\/div><div id=\"pg-878-2\"  class=\"panel-grid panel-no-style\" ><div id=\"pgc-878-2-0\"  class=\"panel-grid-cell\" ><div id=\"panel-878-2-0-0\" class=\"so-panel widget widget_sow-editor panel-first-child panel-last-child\" data-index=\"2\" ><div\n\t\t\t\n\t\t\tclass=\"so-widget-sow-editor so-widget-sow-editor-base\"\n\t\t\t\n\t\t>\n<div class=\"siteorigin-widget-tinymce textwidget\">\n\t<h4>Auskunftsrecht<\/h4>\n<p>Auf schriftliche Anfrage informieren wir den Nutzer der Website und\/oder den Kunden \u00fcber die zu seiner Person gespeicherten Daten. Die Anfrage ist an unsere im Impressum der Webseite angegebene Adresse zu richten.<\/p>\n<\/div>\n<\/div><\/div><\/div><\/div><div id=\"pg-878-3\"  class=\"panel-grid panel-no-style\" ><div id=\"pgc-878-3-0\"  class=\"panel-grid-cell\" ><div id=\"panel-878-3-0-0\" class=\"so-panel widget widget_sow-editor panel-first-child panel-last-child\" data-index=\"3\" ><div\n\t\t\t\n\t\t\tclass=\"so-widget-sow-editor so-widget-sow-editor-base\"\n\t\t\t\n\t\t>\n<div class=\"siteorigin-widget-tinymce textwidget\">\n\t<h4>Datenschutz<\/h4>\n<p>Die Betreiber dieser Seiten nehmen den Schutz Ihrer pers\u00f6nlichen Daten sehr ernst. Wir behandeln Ihre personenbezogenen Daten vertraulich und entsprechend der gesetzlichen Datenschutzvorschriften sowie dieser Datenschutzerkl\u00e4rung. Die Nutzung unserer Webseite ist in der Regel ohne Angabe personenbezogener Daten m\u00f6glich. Soweit auf unseren Seiten personenbezogene Daten (beispielsweise Name, Anschrift oder E-Mail-Adressen) erhoben werden, erfolgt dies, soweit m\u00f6glich, stets auf freiwilliger Basis. Diese Daten werden ohne Ihre ausdr\u00fcckliche Zustimmung nicht an Dritte weitergegeben. Wir weisen darauf hin, dass die Daten\u00fcbertragung im Internet (z.B. bei der Kommunikation per E-Mail) Sicherheitsl\u00fccken aufweisen kann. Ein l\u00fcckenloser Schutz der Daten vor dem Zugriff durch Dritte ist nicht m\u00f6glich.<\/p>\n<\/div>\n<\/div><\/div><\/div><\/div><div id=\"pg-878-4\"  class=\"panel-grid panel-no-style\" ><div id=\"pgc-878-4-0\"  class=\"panel-grid-cell\" ><div id=\"panel-878-4-0-0\" class=\"so-panel widget widget_sow-editor panel-first-child panel-last-child\" data-index=\"4\" ><div\n\t\t\t\n\t\t\tclass=\"so-widget-sow-editor so-widget-sow-editor-base\"\n\t\t\t\n\t\t>\n<div class=\"siteorigin-widget-tinymce textwidget\">\n\t<h4>SSL- bzw. TLS-Verschl\u00fcsselung<\/h4>\n<p>Diese Seite nutzt aus Sicherheitsgr\u00fcnden und zum Schutz der \u00dcbertragung vertraulicher Inhalte, wie zum Beispiel Bestellungen oder Anfragen, die Sie an uns als Seitenbetreiber senden, eine SSL-bzw. TLS-Verschl\u00fcsselung. Eine verschl\u00fcsselte Verbindung erkennen Sie daran, dass die Adresszeile des Browsers von \u201chttp:\/\/\u201d auf \u201chttps:\/\/\u201d wechselt und an dem Schloss-Symbol in Ihrer Browserzeile. Wenn die SSL- bzw. TLS-Verschl\u00fcsselung aktiviert ist, k\u00f6nnen die Daten, die Sie an uns \u00fcbermitteln, nicht von Dritten mitgelesen werden.<\/p>\n<\/div>\n<\/div><\/div><\/div><\/div><div id=\"pg-878-5\"  class=\"panel-grid panel-has-style\" ><div id=\"dse-cookies\" class=\"panel-row-style panel-row-style-for-878-5\" ><div id=\"pgc-878-5-0\"  class=\"panel-grid-cell\" ><div id=\"panel-878-5-0-0\" class=\"so-panel widget widget_sow-editor panel-first-child panel-last-child\" data-index=\"5\" ><div\n\t\t\t\n\t\t\tclass=\"so-widget-sow-editor so-widget-sow-editor-base\"\n\t\t\t\n\t\t>\n<div class=\"siteorigin-widget-tinymce textwidget\">\n\t<h4>Cookies<\/h4>\n<p>Wir verwenden Cookies um Pr\u00e4ferenzen der Nutzer zu erkennen und die Webseiten optimal gestalten zu k\u00f6nnen.<\/p>\n<p>&nbsp;<\/p>\n<h5>Nutzung von Cookies<\/h5>\n<p>Auf unseren Webseiten setzen wir so genannte Cookies (Textdateien, die bei dem Besuch auf einer Webseite auf dem Computer des Nutzers gespeichert werden) ein, die es uns erm\u00f6glichen, Ihnen die Nutzung unserer Webseiten so angenehm und effizient wie m\u00f6glich zu gestalten. Cookies sind kleine Datenpakete, die von unserem Web-Server erzeugt und bei der Kommunikation Ihres Computers mit dem Web-Server auf dem permanenten Speicher (Festplatte, Festspeicher o. \u00c4.) Ihres Ger\u00e4tes (Computer, Smartphone, Tablet o. \u00c4.) abgelegt werden.<\/p>\n<p>Wir verwenden sowohl unsere eigenen Cookies als auch Cookies von anderen Anbietern (sog. Drittanbietercookies). Bei der Verwendung von Drittanbietercookies werden Daten durch die jeweiligen Anbieter erhoben, verarbeitet und genutzt. Auf unseren Webseiten k\u00f6nnen Drittanbietercookies zum Einsatz kommen. Sofern Sie dies nicht zulassen m\u00f6chten, k\u00f6nnen Sie sowohl von Ihrem allgemeinen Widerspruchsrecht bez\u00fcglich der Verwendung jeglicher Cookies, als auch \u2013 hiervon unbeschadet \u2013 von den speziellen Widerspruchsrechten hinsichtlich der verschiedenen Drittanbietercookies Gebrauch machen.<\/p>\n<p><strong>Vermeiden von Cookies \/ Allgemeines Widerspruchsrecht:<\/strong>\u00a0Selbstverst\u00e4ndlich k\u00f6nnen Sie der Verwendung unserer Cookies und auch der Cookies von Drittanbietern jederzeit dadurch widersprechen, dass Sie Ihren Internetbrowser so einstellen, dass dieser keine Cookies akzeptiert. Die Einzelheiten hierzu entnehmen Sie bitte der Hilfe-Funktion Ihres Internetbrowsers. Wir m\u00f6chten Sie allerdings darauf hinweisen, dass wir dann nicht ausschlie\u00dfen k\u00f6nnen, dass einige Funktionen unseres Internetangebots nicht oder nicht vollst\u00e4ndig nutzbar sind.<\/p>\n<p><strong>Session Cookies \/ Persistent Cookies:<\/strong>\u00a0Wir verwenden Session-Cookies. Bei einem Webshop beispielsweise erm\u00f6glichen diese eine seiten\u00fcbergreifende Warenkorbanzeige, in der Sie ablesen k\u00f6nnen, wie viele Artikel sich gerade in Ihrem Warenkorb befinden. Session-Cookies werden mit dem Schlie\u00dfen des Browsers wieder gel\u00f6scht.<\/p>\n<p>Weiter ist auch die Nutzung von Persistent Cookies m\u00f6glich, die uns bspw. eine Speicherung Ihrer Anmeldedaten erm\u00f6glichen, wenn Sie \u2013 wie dies insbesondere bei Online-Produkten der Fall ist \u2013 einzelne unserer Webangebote nur nach erfolgter Registrierung mit Benutzernamen und Passwort aufrufen k\u00f6nnen. Dann erm\u00f6glichen Persistant Cookies insbesondere, dass Sie bei einem erneuten Seitenaufruf wieder auf Ihre bereits eingegebenen Daten und getroffenen Einstellungen zur\u00fcckgreifen k\u00f6nnen. Persistent Cookies werden daher f\u00fcr einen begrenzten Zeitraum gespeichert und dienen insbesondere dazu, unser Internetangebot nutzerfreundlicher, effektiver und sicherer zu machen.<\/p>\n<\/div>\n<\/div><\/div><\/div><\/div><\/div><div id=\"pg-878-6\"  class=\"panel-grid panel-no-style\" ><div id=\"pgc-878-6-0\"  class=\"panel-grid-cell\" ><div id=\"panel-878-6-0-0\" class=\"so-panel widget widget_sow-editor panel-first-child panel-last-child\" data-index=\"6\" ><div\n\t\t\t\n\t\t\tclass=\"so-widget-sow-editor so-widget-sow-editor-base\"\n\t\t\t\n\t\t>\n<div class=\"siteorigin-widget-tinymce textwidget\">\n\t<h4>Kontaktformular<\/h4>\n<p>Wenn Sie unser Kontaktformular f\u00fcr Anfragen nutzen, werden Ihre Angaben aus dem Anfrageformular inklusive der von Ihnen dort angegebenen Kontaktdaten zwecks Bearbeitung der Anfrage und f\u00fcr den Fall von Anschlussfragen bei uns gespeichert. Diese Daten geben wir nicht ohne Ihre Einwilligung weiter.<\/p>\n<\/div>\n<\/div><\/div><\/div><\/div><div id=\"pg-878-7\"  class=\"panel-grid panel-has-style\" ><div class=\"panel-row-style panel-row-style-for-878-7\" ><div id=\"pgc-878-7-0\"  class=\"panel-grid-cell\" ><div id=\"panel-878-7-0-0\" class=\"so-panel widget widget_sow-editor panel-first-child panel-last-child\" data-index=\"7\" ><div\n\t\t\t\n\t\t\tclass=\"so-widget-sow-editor so-widget-sow-editor-base\"\n\t\t\t\n\t\t>\n<div class=\"siteorigin-widget-tinymce textwidget\">\n\t<h4>Einsatz von reCAPTCHA<\/h4>\n<p>Um Eingabeformulare auf unserer Seite zu sch\u00fctzen, setzen wir den Dienst \u201ereCAPTCHA\u201c der Firma Google Inc., 1600 Amphitheatre Parkway, Mountain View, CA 94043 USA,\u00a0 nachfolgend \u201eGoogle\u201c, ein. Durch den Einsatz dieses Dienstes kann unterschieden werden, ob die entsprechende Eingabe menschlicher Herkunft ist oder durch automatisierte\u00a0maschinelle Verarbeitung missbr\u00e4uchlich erfolgt.<\/p>\n<p>Nach unserer Kenntnis werden die Referrer-URL, die IP-Adresse, das Verhalten der Webseitenbesucher, Informationen \u00fcber Betriebssystem, Browser und Verweildauer, Cookies, Darstellungsanweisungen und Skripte, das Eingabeverhalten des Nutzers sowie Mausbewegungen im Bereich der \u201ereCAPTCHA\u201c-Checkbox an \u201eGoogle\u201c \u00fcbertragen.<\/p>\n<p>Google verwendet die so erlangten Informationen unter anderem dazu, B\u00fccher und andere Druckerzeugnisse zu digitalisieren sowie Dienste wie Google Street View und Google Maps zu optimieren (bspw. Hausnummern- und Stra\u00dfennamenerkennung).<\/p>\n<p>Die im Rahmen von \u201ereCAPTCHA\u201c \u00fcbermittelte IP-Adresse wird nicht mit anderen Daten von Google zusammengef\u00fchrt, au\u00dfer Sie sind zum Zeitpunkt der Nutzung des \u201ereCAPTCHA\u201c-Plug-ins bei Ihrem Google-Account angemeldet. Wenn Sie diese \u00dcbermittlung und Speicherung von Daten \u00fcber Sie und Ihr Verhalten auf unserer Webseite durch \u201eGoogle\u201c unterbinden wollen, m\u00fcssen Sie sich bei \u201eGoogle\u201c ausloggen und zwar bevor Sie unsere Seite besuchen bzw. das reCAPTCHA Plug-in benutzen.<\/p>\n<p>Die Nutzung des Dienstes \u201ereCAPTCHA\u201c erlangten Informationen erfolgt gem\u00e4\u00df den Google-Nutzungsbedingungen:<\/p>\n<p><a href=\"https:\/\/www.google.com\/intl\/de\/policies\/privacy\" target=\"_blank\" rel=\"noopener\">https:\/\/www.google.com\/intl\/de\/policies\/privacy\/.<\/a><\/p>\n<\/div>\n<\/div><\/div><\/div><\/div><\/div><div id=\"pg-878-8\"  class=\"panel-grid panel-no-style\" ><div id=\"pgc-878-8-0\"  class=\"panel-grid-cell\" ><div id=\"panel-878-8-0-0\" class=\"so-panel widget widget_sow-editor panel-first-child panel-last-child\" data-index=\"8\" ><div\n\t\t\t\n\t\t\tclass=\"so-widget-sow-editor so-widget-sow-editor-base\"\n\t\t\t\n\t\t>\n<div class=\"siteorigin-widget-tinymce textwidget\">\n\t<h2>Google Fonts<\/h2>\n<p>Wir binden die Schriftarten (\"Montserrat\" und \"Fontawesome\") des Anbieters Google LLC, 1600 Amphitheatre Parkway, Mountain View, CA 94043, USA, ein.<br \/>\nDatenschutzerkl\u00e4rung:\u00a0<a href=\"https:\/\/www.google.com\/policies\/privacy\" target=\"_blank\" rel=\"noopener\">https:\/\/www.google.com\/policies\/privacy<\/a><br \/>\nOpt-Out:\u00a0<a href=\"https:\/\/adssettings.google.com\/authenticated\" target=\"_blank\" rel=\"noopener\">https:\/\/adssettings.google.com\/authenticated<\/a>.<\/p>\n<\/div>\n<\/div><\/div><\/div><\/div><div id=\"pg-878-9\"  class=\"panel-grid panel-no-style\" ><div id=\"pgc-878-9-0\"  class=\"panel-grid-cell\" ><div id=\"panel-878-9-0-0\" class=\"so-panel widget widget_sow-editor panel-first-child panel-last-child\" data-index=\"9\" ><div\n\t\t\t\n\t\t\tclass=\"so-widget-sow-editor so-widget-sow-editor-base\"\n\t\t\t\n\t\t>\n<div class=\"siteorigin-widget-tinymce textwidget\">\n\t<h2>WP Statistics<\/h2>\n<p>Diese Webseite nutzt das WordPress Analyse Plugin WP Statistics. Anbieter dieses Plugins ist\u00a0<a href=\"https:\/\/wp-statistics.com\/\" target=\"_blank\" rel=\"noopener\">wp-statistics.com<\/a>. Aus den Daten werden in anonymisierter Form einfache Statistiken erstellt. Dazu werden keine Nutzungsprofile erstellt und auch keine Cookies gesetzt. S\u00e4mtliche von WP Statistics erhobenen Daten werden vollst\u00e4ndig anonymisiert auf diesem Webserver gespeichert. Eine pers\u00f6nliche Identifizierung eines Besuchers ist somit, auch nachtr\u00e4glich, nicht m\u00f6glich.<\/p>\n<\/div>\n<\/div><\/div><\/div><\/div><div id=\"pg-878-10\"  class=\"panel-grid panel-no-style\" ><div id=\"pgc-878-10-0\"  class=\"panel-grid-cell\" ><div id=\"panel-878-10-0-0\" class=\"so-panel widget widget_sow-editor panel-first-child panel-last-child\" data-index=\"10\" ><div\n\t\t\t\n\t\t\tclass=\"so-widget-sow-editor so-widget-sow-editor-base\"\n\t\t\t\n\t\t>\n<div class=\"siteorigin-widget-tinymce textwidget\">\n\t<h4>Einsatz von Google-Maps<\/h4>\n<p>Wir setzen auf unserer Seite die Komponente \"Google Maps\" der Firma Google Inc., 1600 Amphitheatre Parkway, Mountain View, CA 94043 USA, nachfolgend \u201eGoogle\u201c, ein.<\/p>\n<p>Bei jedem einzelnen Aufruf der Komponente \"Google Maps\" wird von Google ein Cookie gesetzt, um bei der Anzeige der Seite, auf der die Komponente \"Google Maps\" integriert ist, Nutzereinstellungen und -daten zu verarbeiten. Dieses Cookie wird im Regelfall nicht durch das Schlie\u00dfen des Browsers gel\u00f6scht, sondern l\u00e4uft nach einer bestimmten Zeit ab, soweit es nicht von Ihnen zuvor manuell gel\u00f6scht wird.<\/p>\n<p>Wenn Sie mit dieser Verarbeitung Ihrer Daten nicht einverstanden sind, so besteht die M\u00f6glichkeit, den Service von \"Google Maps\" zu deaktivieren und auf diesem Weg die \u00dcbertragung von Daten an Google zu verhindern. Dazu m\u00fcssen Sie die Java-Script-Funktion in Ihrem Browser deaktivieren. Wir weisen Sie jedoch darauf hin, dass Sie in diesem Fall die \"Google Maps\" nicht oder nur eingeschr\u00e4nkt nutzen k\u00f6nnen.<\/p>\n<p>Die Nutzung von \"Google Maps\" und der \u00fcber \"Google Maps\" erlangten Informationen erfolgt gem\u00e4\u00df den Google-Nutzungsbedingungen:<br \/>\n<a href=\"https:\/\/www.google.de\/intl\/de\/policies\/terms\/regional.html\" target=\"_blank\" rel=\"noopener\">https:\/\/www.google.de\/intl\/de\/policies\/terms\/regional.html<\/a><\/p>\n<p>sowie der zus\u00e4tzlichen Gesch\u00e4ftsbedingungen f\u00fcr \u201eGoogle Maps\u201c:<br \/>\n<a href=\"https:\/\/www.google.com\/intl\/de_de\/help\/terms_maps.html\" target=\"_blank\" rel=\"noopener\">https:\/\/www.google.com\/intl\/de_de\/help\/terms_maps.html<\/a>.<\/p>\n<\/div>\n<\/div><\/div><\/div><\/div><div id=\"pg-878-11\"  class=\"panel-grid panel-no-style\" ><div id=\"pgc-878-11-0\"  class=\"panel-grid-cell\" ><div id=\"panel-878-11-0-0\" class=\"so-panel widget widget_sow-editor panel-first-child panel-last-child\" data-index=\"11\" ><div\n\t\t\t\n\t\t\tclass=\"so-widget-sow-editor so-widget-sow-editor-base\"\n\t\t\t\n\t\t>\n<div class=\"siteorigin-widget-tinymce textwidget\">\n\t<h4>Erhebung von Zugriffsdaten und Logfiles<\/h4>\n<p>Wir, bzw. unser Hostinganbieter, erhebt auf Grundlage unserer berechtigten Interessen im Sinne des Art. 6 Abs. 1 lit. f. DSGVO Daten \u00fcber jeden Zugriff auf den Server, auf dem sich dieser Dienst befindet (sogenannte Serverlogfiles). Zu den Zugriffsdaten geh\u00f6ren Name der abgerufenen Webseite, Datei, Datum und Uhrzeit des Abrufs, \u00fcbertragene Datenmenge, Meldung \u00fcber erfolgreichen Abruf, Browsertyp nebst Version, das Betriebssystem des Nutzers, Referrer URL (die zuvor besuchte Seite), IP-Adresse und der anfragende Provider.<\/p>\n<p>Logfile-Informationen werden aus Sicherheitsgr\u00fcnden (z.B. zur Aufkl\u00e4rung von Missbrauchs- oder Betrugshandlungen) f\u00fcr die Dauer von maximal 7 Tagen gespeichert und danach gel\u00f6scht. Daten, deren weitere Aufbewahrung zu Beweiszwecken erforderlich ist, sind bis zur endg\u00fcltigen Kl\u00e4rung des jeweiligen Vorfalls von der L\u00f6schung ausgenommen.<\/p>\n<\/div>\n<\/div><\/div><\/div><\/div><\/div>","protected":false},"excerpt":{"rendered":"<p>Erhebung und Verarbeitung von DatenJeder Zugriff auf unsere Internetseite und jeder Abruf einer auf dieser Website hinterlegten Datei werden protokolliert. Die Speicherung dient internen systembezogenen und statistischen Zwecken. Protokolliert werden: Name der abgerufenen Datei, Datum und Uhrzeit des Abrufs, \u00fcbertragene Datenmenge, Meldung \u00fcber erfolgreichen Abruf, Webbrowser und anfragende Domain. Zus\u00e4tzlich werden die IP Adressen der [&hellip;]<\/p>\n","protected":false},"author":1,"featured_media":0,"parent":0,"menu_order":0,"comment_status":"closed","ping_status":"closed","template":"template-full-width.php","meta":[],"_links":{"self":[{"href":"https:\/\/www.uniqconsult.de\/cms\/wp-json\/wp\/v2\/pages\/878"}],"collection":[{"href":"https:\/\/www.uniqconsult.de\/cms\/wp-json\/wp\/v2\/pages"}],"about":[{"href":"https:\/\/www.uniqconsult.de\/cms\/wp-json\/wp\/v2\/types\/page"}],"author":[{"embeddable":true,"href":"https:\/\/www.uniqconsult.de\/cms\/wp-json\/wp\/v2\/users\/1"}],"replies":[{"embeddable":true,"href":"https:\/\/www.uniqconsult.de\/cms\/wp-json\/wp\/v2\/comments?post=878"}],"version-history":[{"count":16,"href":"https:\/\/www.uniqconsult.de\/cms\/wp-json\/wp\/v2\/pages\/878\/revisions"}],"predecessor-version":[{"id":1522,"href":"https:\/\/www.uniqconsult.de\/cms\/wp-json\/wp\/v2\/pages\/878\/revisions\/1522"}],"wp:attachment":[{"href":"https:\/\/www.uniqconsult.de\/cms\/wp-json\/wp\/v2\/media?parent=878"}],"curies":[{"name":"wp","href":"https:\/\/api.w.org\/{rel}","templated":true}]}}