{"id":695,"date":"2017-09-13T21:45:59","date_gmt":"2017-09-13T19:45:59","guid":{"rendered":"http:\/\/www.uniqconsult.de\/cms\/?page_id=695"},"modified":"2017-09-20T13:21:46","modified_gmt":"2017-09-20T11:21:46","slug":"reporting","status":"publish","type":"page","link":"https:\/\/www.uniqconsult.de\/cms\/reporting\/","title":{"rendered":"Reporting"},"content":{"rendered":"<div id=\"pl-695\"  class=\"panel-layout\" ><div id=\"pg-695-0\"  class=\"panel-grid panel-no-style\" ><div id=\"pgc-695-0-0\"  class=\"panel-grid-cell\" ><div id=\"panel-695-0-0-0\" class=\"so-panel widget widget_sow-editor panel-first-child panel-last-child\" data-index=\"0\" ><div\n\t\t\t\n\t\t\tclass=\"so-widget-sow-editor so-widget-sow-editor-base\"\n\t\t\t\n\t\t>\n<div class=\"siteorigin-widget-tinymce textwidget\">\n\t<p>Unternehmen erzeugen jeden Tag eine F\u00fclle von Informationen. Diese Daten sind an verschiedenen Stellen in unterschiedlichen Formaten vorhanden. Die Kunst ist es nun, diese Daten zu analysieren und in Informationen zu wandeln. Erst dadurch werden Trends und Vorhersagen erm\u00f6glicht. Die Aufbereitung von Daten in Echtzeit hilft damit bei der Planung und unterst\u00fctzt die Entscheidungsfindung.<\/p>\n<\/div>\n<\/div><\/div><\/div><\/div><div id=\"pg-695-1\"  class=\"panel-grid panel-has-style\" ><div class=\"siteorigin-panels-stretch panel-row-style panel-row-style-for-695-1\" data-stretch-type=\"full\" ><div id=\"pgc-695-1-0\"  class=\"panel-grid-cell\" ><div id=\"panel-695-1-0-0\" class=\"so-panel widget widget_sow-editor panel-first-child\" data-index=\"1\" ><div\n\t\t\t\n\t\t\tclass=\"so-widget-sow-editor so-widget-sow-editor-base\"\n\t\t\t\n\t\t>\n<div class=\"siteorigin-widget-tinymce textwidget\">\n\t<h5>Power Bi - erwecken Sie Ihre Daten zum Leben<\/h5>\n<p>Power BI wandelt die Daten Ihres Unternehmens in visuelle Darstellungen um. Mit Power BI k\u00f6nnen Sie Ihre Daten sammeln und strukturieren und das Augenmerk auf die f\u00fcr Sie wichtigsten Punkte legen.<\/p>\n<\/div>\n<\/div><\/div><div id=\"panel-695-1-0-1\" class=\"so-panel widget widget_sow-image panel-last-child\" data-index=\"2\" ><div class=\"panel-widget-style panel-widget-style-for-695-1-0-1\" ><div\n\t\t\t\n\t\t\tclass=\"so-widget-sow-image so-widget-sow-image-default-c67d20f9f743-695\"\n\t\t\t\n\t\t>\n<div class=\"sow-image-container\">\n\t\t<img src=\"https:\/\/www.uniqconsult.de\/cms\/wp-content\/uploads\/2017\/04\/powerbi-desktop.png\" width=\"1992\" height=\"732\" srcset=\"https:\/\/www.uniqconsult.de\/cms\/wp-content\/uploads\/2017\/04\/powerbi-desktop.png 1992w, https:\/\/www.uniqconsult.de\/cms\/wp-content\/uploads\/2017\/04\/powerbi-desktop-300x110.png 300w, https:\/\/www.uniqconsult.de\/cms\/wp-content\/uploads\/2017\/04\/powerbi-desktop-768x282.png 768w, https:\/\/www.uniqconsult.de\/cms\/wp-content\/uploads\/2017\/04\/powerbi-desktop-1024x376.png 1024w\" sizes=\"(max-width: 1992px) 100vw, 1992px\" alt=\"\" loading=\"lazy\" \t\tclass=\"so-widget-image\"\/>\n\t<\/div>\n\n<\/div><\/div><\/div><\/div><\/div><\/div><div id=\"pg-695-2\"  class=\"panel-grid panel-no-style\" ><div id=\"pgc-695-2-0\"  class=\"panel-grid-cell\" ><div id=\"panel-695-2-0-0\" class=\"so-panel widget widget_sow-editor panel-first-child panel-last-child\" data-index=\"3\" ><div\n\t\t\t\n\t\t\tclass=\"so-widget-sow-editor so-widget-sow-editor-base\"\n\t\t\t\n\t\t>\n<div class=\"siteorigin-widget-tinymce textwidget\">\n\t<h5>Was ist\u00a0Power BI<\/h5>\n<p>Power BI ist eine Zusammenstellung von Tools zum Analysieren von Gesch\u00e4ftsdaten und Teilen von Erkenntnissen. \u00dcberwachen Sie Ihr Gesch\u00e4ft, und verschaffen Sie sich auf allen Ger\u00e4ten mit detaillierten Dashboards schnelle Antworten.<\/p>\n<p>\u00a0<\/p>\n<h5>Visualisieren und Analysieren Sie alles an einem Ort<\/h5>\n<p>Mit Befehlen in nat\u00fcrlicher Sprache und Drag &amp; Drop erstellen Sie intuitiv und blitzschnell personalisierte Dashboards und Berichte und erhalten so Antworten auf Ihre dr\u00e4ngendsten Fragen.<\/p>\n<\/div>\n<\/div><\/div><\/div><\/div><div id=\"pg-695-3\"  class=\"panel-grid panel-has-style\" ><div class=\"siteorigin-panels-stretch panel-row-style panel-row-style-for-695-3\" data-stretch-type=\"full\" ><div id=\"pgc-695-3-0\"  class=\"panel-grid-cell\" ><div id=\"panel-695-3-0-0\" class=\"so-panel widget widget_sow-image panel-first-child panel-last-child\" data-index=\"4\" ><div\n\t\t\t\n\t\t\tclass=\"so-widget-sow-image so-widget-sow-image-default-8b5b6f678277-695\"\n\t\t\t\n\t\t>\n<div class=\"sow-image-container\">\n\t\t<img src=\"https:\/\/www.uniqconsult.de\/cms\/wp-content\/uploads\/2017\/04\/Feature-2.png\" width=\"644\" height=\"741\" srcset=\"https:\/\/www.uniqconsult.de\/cms\/wp-content\/uploads\/2017\/04\/Feature-2.png 644w, https:\/\/www.uniqconsult.de\/cms\/wp-content\/uploads\/2017\/04\/Feature-2-261x300.png 261w\" sizes=\"(max-width: 644px) 100vw, 644px\" alt=\"\" loading=\"lazy\" \t\tclass=\"so-widget-image\"\/>\n\t<\/div>\n\n<\/div><\/div><\/div><div id=\"pgc-695-3-1\"  class=\"panel-grid-cell\" ><div id=\"panel-695-3-1-0\" class=\"so-panel widget widget_sow-editor panel-first-child\" data-index=\"5\" ><div\n\t\t\t\n\t\t\tclass=\"so-widget-sow-editor so-widget-sow-editor-base\"\n\t\t\t\n\t\t>\n<div class=\"siteorigin-widget-tinymce textwidget\">\n\t<h5>Jet Reports - BI und Reporting L\u00f6sungen schnell, flexibel und innerhalb von Excel<\/h5>\n<p>Jet Reports Liefert einen Einmaligen Datenzugriff durch Schnelles und Flexibles Reporting und Business Analysen. Mehr Als 10.000 Unternehmen Weltweit Verwenden Jet Reports f\u00fcr Ihr Reporting! Alle Ihre Finanzdaten innerhalb von Excel, mit einem Klick auf einen Button.<\/p>\n<p>Schnell und einfach p\u00fcnktlich erzeugt, exakte Finanz-Reporte im gew\u00fcnschten Format, direkt innerhalb von Excel. Mit dem Drill-Down zu den Ursprungsdaten haben Sie immer die Antworten, die Sie ben\u00f6tigen. Genie\u00dfen Sie die Freiheit sich auf andere Aufgaben zu konzentrieren, w\u00e4hrend sich Ihre Reporte aktualisieren und automatisch verteilt werden.<\/p>\n<p>Ziehen Sie aus Ihren Daten wertvolle Erkenntnisse durch eindrucksvolle Dashboards und Reports, die extra aufgebaut wurden um schnell Trends und Unstimmigkeiten erkennen zu k\u00f6nnen und Probleme zu beheben. Beseitigen Sie die Notwendigkeit die zugrundeliegende Datenstruktur zu verstehen und erfahren Sie die Vorteile der schnellen Implementierung durch den Einsatz vorgefertigter Cubes und eines Data Warehouses. Jet Reports macht unternehmensweite Analysen schnell und einfach.<\/p>\n<\/div>\n<\/div><\/div><div id=\"panel-695-3-1-1\" class=\"so-panel widget widget_sow-editor panel-last-child\" data-index=\"6\" ><div\n\t\t\t\n\t\t\tclass=\"so-widget-sow-editor so-widget-sow-editor-base\"\n\t\t\t\n\t\t>\n<div class=\"siteorigin-widget-tinymce textwidget\">\n\t<ul>\n<li>Cubes und Data Warehousing<\/li>\n<li>Dashboards<\/li>\n<li>Datenbankkonsolidierungen<\/li>\n<li>Exakte, gesteuerte Daten<\/li>\n<li>Anpassungsplattform<\/li>\n<\/ul>\n<\/div>\n<\/div><\/div><\/div><\/div><\/div><div id=\"pg-695-4\"  class=\"panel-grid panel-no-style\" ><div id=\"pgc-695-4-0\"  class=\"panel-grid-cell\" ><div id=\"panel-695-4-0-0\" class=\"so-panel widget widget_sow-editor panel-first-child panel-last-child\" data-index=\"7\" ><div\n\t\t\t\n\t\t\tclass=\"so-widget-sow-editor so-widget-sow-editor-base\"\n\t\t\t\n\t\t>\n<div class=\"siteorigin-widget-tinymce textwidget\">\n\t<h5>Mobile \u2013 Arbeiten Sie besser und smarter, von \u00fcberall.<\/h5>\n<p>Befreien Sie sich davon, dass Sie die exakten ben\u00f6tigten Daten nur im B\u00fcro bekommen k\u00f6nnen. Erhalten Sie Zugriff auf Ihre Reporte und Dashboards, wann und wo Sie m\u00f6chten. Im Web oder \u00fcber ein mobiles Endger\u00e4t, egal wo Sie sich gerade befinden.<\/p>\n<ul>\n<li>Auf nahezu jedem mobilen Endger\u00e4t<\/li>\n<li>Individuelle und Gruppenver\u00f6ffentlichun<\/li>\n<li>Web Browser<\/li>\n<\/ul>\n<\/div>\n<\/div><\/div><\/div><\/div><div id=\"pg-695-5\"  class=\"panel-grid panel-no-style\" ><div id=\"pgc-695-5-0\"  class=\"panel-grid-cell\" ><div id=\"panel-695-5-0-0\" class=\"so-panel widget widget_sow-image panel-first-child panel-last-child\" data-index=\"8\" ><div\n\t\t\t\n\t\t\tclass=\"so-widget-sow-image so-widget-sow-image-default-c67d20f9f743-695\"\n\t\t\t\n\t\t>\n<div class=\"sow-image-container\">\n\t\t<img src=\"https:\/\/www.uniqconsult.de\/cms\/wp-content\/uploads\/2017\/09\/Power-BI-Logo.png\" width=\"454\" height=\"216\" srcset=\"https:\/\/www.uniqconsult.de\/cms\/wp-content\/uploads\/2017\/09\/Power-BI-Logo.png 454w, https:\/\/www.uniqconsult.de\/cms\/wp-content\/uploads\/2017\/09\/Power-BI-Logo-300x143.png 300w\" sizes=\"(max-width: 454px) 100vw, 454px\" alt=\"\" loading=\"lazy\" \t\tclass=\"so-widget-image\"\/>\n\t<\/div>\n\n<\/div><\/div><\/div><div id=\"pgc-695-5-1\"  class=\"panel-grid-cell\" ><div id=\"panel-695-5-1-0\" class=\"so-panel widget widget_sow-image panel-first-child panel-last-child\" data-index=\"9\" ><div\n\t\t\t\n\t\t\tclass=\"so-widget-sow-image so-widget-sow-image-default-8b5b6f678277-695\"\n\t\t\t\n\t\t>\n<div class=\"sow-image-container\">\n\t\t<img src=\"https:\/\/www.uniqconsult.de\/cms\/wp-content\/uploads\/2017\/09\/jet_reports_logo-01.png\" width=\"301\" height=\"136\" srcset=\"https:\/\/www.uniqconsult.de\/cms\/wp-content\/uploads\/2017\/09\/jet_reports_logo-01.png 301w, https:\/\/www.uniqconsult.de\/cms\/wp-content\/uploads\/2017\/09\/jet_reports_logo-01-300x136.png 300w\" sizes=\"(max-width: 301px) 100vw, 301px\" alt=\"\" loading=\"lazy\" \t\tclass=\"so-widget-image\"\/>\n\t<\/div>\n\n<\/div><\/div><\/div><\/div><div id=\"pg-695-6\"  class=\"panel-grid panel-has-style\" ><div class=\"panel-row-style panel-row-style-for-695-6\" ><div id=\"pgc-695-6-0\"  class=\"panel-grid-cell\" ><div id=\"panel-695-6-0-0\" class=\"so-panel widget widget_sow-editor panel-first-child panel-last-child\" data-index=\"10\" ><div\n\t\t\t\n\t\t\tclass=\"so-widget-sow-editor so-widget-sow-editor-base\"\n\t\t\t\n\t\t>\n<div class=\"siteorigin-widget-tinymce textwidget\">\n\t<p>Die oben aufgef\u00fchrten Bildmarken (Logos) sind eingetragene Warenzeichen der jeweiligen Hersteller und ausdr\u00fccklich keine uniQConsult GmbH-eigenen Technologien oder Produkte. UniQConsult GmbH verf\u00fcgt \u00fcber Know-how in diesen Technologien und bietet auf dieser Basis Dienstleistungen an.<\/p>\n<\/div>\n<\/div><\/div><\/div><\/div><\/div><div id=\"pg-695-7\"  class=\"panel-grid panel-has-style\" ><div class=\"siteorigin-panels-stretch panel-row-style panel-row-style-for-695-7\" data-stretch-type=\"full\" ><div id=\"pgc-695-7-0\"  class=\"panel-grid-cell\" ><div id=\"panel-695-7-0-0\" class=\"so-panel widget widget_text panel-first-child\" data-index=\"11\" >\t\t\t<div class=\"textwidget\"><h4 style=\"text-align: center;\">Wenn Sie Fragen haben, kontaktieren Sie uns. Wir freuen uns, Sie kennen zu lernen!<\/h4>\n<\/div>\n\t\t<\/div><div id=\"panel-695-7-0-1\" class=\"so-panel widget widget_sow-button panel-last-child\" data-index=\"12\" ><div\n\t\t\t\n\t\t\tclass=\"so-widget-sow-button so-widget-sow-button-flat-907572ce0b0b-695\"\n\t\t\t\n\t\t><div class=\"ow-button-base ow-button-align-center\">\n\t\t\t<a\n\t\t\t\t\thref=\"https:\/\/www.uniqconsult.de\/cms\/kontakt\/\"\n\t\t\t\t\tclass=\"sowb-button ow-icon-placement-left ow-button-hover\" \t>\n\t\t<span>\n\t\t\t\n\t\t\tNehmen Sie Kontakt mit uns auf \t\t<\/span>\n\t\t\t<\/a>\n\t<\/div>\n<\/div><\/div><\/div><\/div><\/div><\/div>","protected":false},"excerpt":{"rendered":"<p>Unternehmen erzeugen jeden Tag eine F\u00fclle von Informationen. Diese Daten sind an verschiedenen Stellen in unterschiedlichen Formaten vorhanden. Die Kunst ist es nun, diese Daten zu analysieren und in Informationen zu wandeln. Erst dadurch werden Trends und Vorhersagen erm\u00f6glicht. Die Aufbereitung von Daten in Echtzeit hilft damit bei der Planung und unterst\u00fctzt die Entscheidungsfindung. Power [&hellip;]<\/p>\n","protected":false},"author":1,"featured_media":934,"parent":0,"menu_order":0,"comment_status":"closed","ping_status":"closed","template":"template-full-width.php","meta":[],"_links":{"self":[{"href":"https:\/\/www.uniqconsult.de\/cms\/wp-json\/wp\/v2\/pages\/695"}],"collection":[{"href":"https:\/\/www.uniqconsult.de\/cms\/wp-json\/wp\/v2\/pages"}],"about":[{"href":"https:\/\/www.uniqconsult.de\/cms\/wp-json\/wp\/v2\/types\/page"}],"author":[{"embeddable":true,"href":"https:\/\/www.uniqconsult.de\/cms\/wp-json\/wp\/v2\/users\/1"}],"replies":[{"embeddable":true,"href":"https:\/\/www.uniqconsult.de\/cms\/wp-json\/wp\/v2\/comments?post=695"}],"version-history":[{"count":52,"href":"https:\/\/www.uniqconsult.de\/cms\/wp-json\/wp\/v2\/pages\/695\/revisions"}],"predecessor-version":[{"id":935,"href":"https:\/\/www.uniqconsult.de\/cms\/wp-json\/wp\/v2\/pages\/695\/revisions\/935"}],"wp:featuredmedia":[{"embeddable":true,"href":"https:\/\/www.uniqconsult.de\/cms\/wp-json\/wp\/v2\/media\/934"}],"wp:attachment":[{"href":"https:\/\/www.uniqconsult.de\/cms\/wp-json\/wp\/v2\/media?parent=695"}],"curies":[{"name":"wp","href":"https:\/\/api.w.org\/{rel}","templated":true}]}}