{"id":50,"date":"2017-04-05T11:05:53","date_gmt":"2017-04-05T09:05:53","guid":{"rendered":"http:\/\/localhost\/wordpress\/?page_id=50"},"modified":"2017-09-18T08:45:31","modified_gmt":"2017-09-18T06:45:31","slug":"sap-erp","status":"publish","type":"page","link":"https:\/\/www.uniqconsult.de\/cms\/sap-erp\/","title":{"rendered":"SAP ERP &#8211; SAP Services"},"content":{"rendered":"<div id=\"pl-50\"  class=\"panel-layout\" ><div id=\"pg-50-0\"  class=\"panel-grid panel-no-style\" ><div id=\"pgc-50-0-0\"  class=\"panel-grid-cell\" ><div id=\"panel-50-0-0-0\" class=\"so-panel widget widget_sow-image panel-first-child panel-last-child\" data-index=\"0\" ><div\n\t\t\t\n\t\t\tclass=\"so-widget-sow-image so-widget-sow-image-default-4e6925654b7a-50\"\n\t\t\t\n\t\t>\n<div class=\"sow-image-container\">\n\t\t<img src=\"https:\/\/www.uniqconsult.de\/cms\/wp-content\/uploads\/2017\/05\/2000px-SAP-Logo.svg_small-min.png\" width=\"333\" height=\"165\" srcset=\"https:\/\/www.uniqconsult.de\/cms\/wp-content\/uploads\/2017\/05\/2000px-SAP-Logo.svg_small-min.png 333w, https:\/\/www.uniqconsult.de\/cms\/wp-content\/uploads\/2017\/05\/2000px-SAP-Logo.svg_small-min-300x149.png 300w\" sizes=\"(max-width: 333px) 100vw, 333px\" alt=\"\" loading=\"lazy\" \t\tclass=\"so-widget-image\"\/>\n\t<\/div>\n\n<\/div><\/div><\/div><div id=\"pgc-50-0-1\"  class=\"panel-grid-cell\" ><div id=\"panel-50-0-1-0\" class=\"so-panel widget widget_sow-editor panel-first-child panel-last-child\" data-index=\"1\" ><div\n\t\t\t\n\t\t\tclass=\"so-widget-sow-editor so-widget-sow-editor-base\"\n\t\t\t\n\t\t>\n<div class=\"siteorigin-widget-tinymce textwidget\">\n\t<h4>SAP Services: Ihre Zufriedenheit liegt uns am Herzen<\/h4>\n<p>Wir denken und agieren global. Wir realisieren unsere Projekte \u00fcberwiegend vor Ort bei und mit unseren Kunden und gehen deshalb dorthin, wo unsere Kunden sind. Als SAP-Partner beraten wir Sie zu allen SAP-Produkten und Aufgabenstellungen rund um SAP.<\/p>\n<p>Wir realisieren Ihre Projekte in enger Zusammenarbeit mit Ihnen und Ihren Mitarbeitern und stellen daf\u00fcr die Projektleitung und ein hochmotiviertes Berater- und Entwickler-Team mit langj\u00e4hriger Erfahrung. Wir streben eine langfristige und f\u00fcr beide Seiten ergebnisorientierte Zusammenarbeit mit unseren Gesch\u00e4ftspartnern an. Ihr Erfolg ist unser Ziel.<\/p>\n<\/div>\n<\/div><\/div><\/div><\/div><div id=\"pg-50-1\"  class=\"panel-grid panel-no-style\" ><div id=\"pgc-50-1-0\"  class=\"panel-grid-cell\" ><div id=\"panel-50-1-0-0\" class=\"so-panel widget widget_sow-editor panel-first-child panel-last-child\" data-index=\"2\" ><div\n\t\t\t\n\t\t\tclass=\"so-widget-sow-editor so-widget-sow-editor-base\"\n\t\t\t\n\t\t>\n<div class=\"siteorigin-widget-tinymce textwidget\">\n\t<h4>Unsere Kunden sind unsere Partner<\/h4>\n<p>Unser ganzheitlicher Ansatz, beginnend mit der Planung \u00fcber Organisation und Durchf\u00fchrung bis hin zur Projektkontrolle, gew\u00e4hrt Ihnen den Freiraum, sich auf Ihr Kerngesch\u00e4ft zu konzentrieren. Wir garantieren zuverl\u00e4ssigen Service und korrekte Abwicklung.<\/p>\n<\/div>\n<\/div><\/div><\/div><\/div><div id=\"pg-50-2\"  class=\"panel-grid panel-no-style\" ><div id=\"pgc-50-2-0\"  class=\"panel-grid-cell\" ><div id=\"panel-50-2-0-0\" class=\"so-panel widget widget_sow-editor panel-first-child panel-last-child\" data-index=\"3\" ><div class=\"panel-widget-style panel-widget-style-for-50-2-0-0\" ><div\n\t\t\t\n\t\t\tclass=\"so-widget-sow-editor so-widget-sow-editor-base\"\n\t\t\t\n\t\t>\n<div class=\"siteorigin-widget-tinymce textwidget\">\n\t<p>Die oben aufgef\u00fchrten Bildmarken (Logos) sind eingetragene Warenzeichen der jeweiligen Hersteller und ausdr\u00fccklich keine uniQConsult GmbH-eigenen Technologien oder Produkte. UniQConsult GmbH verf\u00fcgt \u00fcber Know-how in diesen Technologien und bietet auf dieser Basis Dienstleistungen an.<\/p>\n<\/div>\n<\/div><\/div><\/div><\/div><\/div><div id=\"pg-50-3\"  class=\"panel-grid panel-has-style\" ><div class=\"siteorigin-panels-stretch panel-row-style panel-row-style-for-50-3\" data-stretch-type=\"full\" ><div id=\"pgc-50-3-0\"  class=\"panel-grid-cell\" ><div id=\"panel-50-3-0-0\" class=\"so-panel widget widget_text panel-first-child\" data-index=\"4\" >\t\t\t<div class=\"textwidget\"><h4 style=\"text-align: center;\">Wenn Sie Fragen haben, kontaktieren Sie uns. Wir freuen uns, Sie kennen zu lernen!<\/h4>\n<\/div>\n\t\t<\/div><div id=\"panel-50-3-0-1\" class=\"so-panel widget widget_sow-button panel-last-child\" data-index=\"5\" ><div\n\t\t\t\n\t\t\tclass=\"so-widget-sow-button so-widget-sow-button-flat-e64a9f5b4a29-50\"\n\t\t\t\n\t\t><div class=\"ow-button-base ow-button-align-center\">\n\t\t\t<a\n\t\t\t\t\thref=\"https:\/\/www.uniqconsult.de\/cms\/kontakt\/\"\n\t\t\t\t\tclass=\"sowb-button ow-icon-placement-left ow-button-hover\" \t>\n\t\t<span>\n\t\t\t\n\t\t\tNehmen Sie Kontakt mit uns auf \t\t<\/span>\n\t\t\t<\/a>\n\t<\/div>\n<\/div><\/div><\/div><\/div><\/div><\/div>","protected":false},"excerpt":{"rendered":"<p>SAP Services: Ihre Zufriedenheit liegt uns am Herzen Wir denken und agieren global. Wir realisieren unsere Projekte \u00fcberwiegend vor Ort bei und mit unseren Kunden und gehen deshalb dorthin, wo unsere Kunden sind. Als SAP-Partner beraten wir Sie zu allen SAP-Produkten und Aufgabenstellungen rund um SAP. Wir realisieren Ihre Projekte in enger Zusammenarbeit mit Ihnen [&hellip;]<\/p>\n","protected":false},"author":1,"featured_media":107,"parent":0,"menu_order":0,"comment_status":"closed","ping_status":"closed","template":"template-full-width.php","meta":[],"_links":{"self":[{"href":"https:\/\/www.uniqconsult.de\/cms\/wp-json\/wp\/v2\/pages\/50"}],"collection":[{"href":"https:\/\/www.uniqconsult.de\/cms\/wp-json\/wp\/v2\/pages"}],"about":[{"href":"https:\/\/www.uniqconsult.de\/cms\/wp-json\/wp\/v2\/types\/page"}],"author":[{"embeddable":true,"href":"https:\/\/www.uniqconsult.de\/cms\/wp-json\/wp\/v2\/users\/1"}],"replies":[{"embeddable":true,"href":"https:\/\/www.uniqconsult.de\/cms\/wp-json\/wp\/v2\/comments?post=50"}],"version-history":[{"count":19,"href":"https:\/\/www.uniqconsult.de\/cms\/wp-json\/wp\/v2\/pages\/50\/revisions"}],"predecessor-version":[{"id":829,"href":"https:\/\/www.uniqconsult.de\/cms\/wp-json\/wp\/v2\/pages\/50\/revisions\/829"}],"wp:featuredmedia":[{"embeddable":true,"href":"https:\/\/www.uniqconsult.de\/cms\/wp-json\/wp\/v2\/media\/107"}],"wp:attachment":[{"href":"https:\/\/www.uniqconsult.de\/cms\/wp-json\/wp\/v2\/media?parent=50"}],"curies":[{"name":"wp","href":"https:\/\/api.w.org\/{rel}","templated":true}]}}