{"id":48,"date":"2017-04-05T11:05:04","date_gmt":"2017-04-05T09:05:04","guid":{"rendered":"http:\/\/localhost\/wordpress\/?page_id=48"},"modified":"2017-09-20T13:50:08","modified_gmt":"2017-09-20T11:50:08","slug":"microsoft-dynamics-nav","status":"publish","type":"page","link":"https:\/\/www.uniqconsult.de\/cms\/microsoft-dynamics-nav\/","title":{"rendered":"Microsoft Dynamics NAV"},"content":{"rendered":"<div id=\"pl-48\"  class=\"panel-layout\" ><div id=\"pg-48-0\"  class=\"panel-grid panel-no-style\" ><div id=\"pgc-48-0-0\"  class=\"panel-grid-cell\" ><div id=\"panel-48-0-0-0\" class=\"so-panel widget widget_sow-editor panel-first-child panel-last-child\" data-index=\"0\" ><div\n\t\t\t\n\t\t\tclass=\"so-widget-sow-editor so-widget-sow-editor-base\"\n\t\t\t\n\t\t>\n<div class=\"siteorigin-widget-tinymce textwidget\">\n\t<p>Microsoft Dynamics NAV ist die umfassende Enterprise Resource Planning (ERP)-L\u00f6sung von Microsoft f\u00fcr kleine und mittelst\u00e4ndische Unternehmen. Sie gibt Ihnen umfassende Kontrolle \u00fcber alle Aspekte Ihrer Gesch\u00e4ftst\u00e4tigkeit \u2013 vom Finanzmanagement \u00fcber Einkauf, Verkauf, Lager und Logistik bis hin zu Fertigung und Servicemanagement. Microsoft Dynamics NAV ist aus dem deutschen Mittelstand nicht wegzudenken \u2013 aus gutem Grund.<\/p>\n<\/div>\n<\/div><\/div><\/div><\/div><div id=\"pg-48-1\"  class=\"panel-grid panel-no-style\" ><div id=\"pgc-48-1-0\"  class=\"panel-grid-cell\" ><div id=\"panel-48-1-0-0\" class=\"so-panel widget widget_sow-image panel-first-child panel-last-child\" data-index=\"1\" ><div\n\t\t\t\n\t\t\tclass=\"so-widget-sow-image so-widget-sow-image-default-4e6925654b7a-48\"\n\t\t\t\n\t\t>\n<div class=\"sow-image-container\">\n\t\t<img src=\"https:\/\/www.uniqconsult.de\/cms\/wp-content\/uploads\/2017\/05\/MS-Dynamics-official-logo.png\" width=\"2118\" height=\"700\" srcset=\"https:\/\/www.uniqconsult.de\/cms\/wp-content\/uploads\/2017\/05\/MS-Dynamics-official-logo.png 2118w, https:\/\/www.uniqconsult.de\/cms\/wp-content\/uploads\/2017\/05\/MS-Dynamics-official-logo-300x99.png 300w, https:\/\/www.uniqconsult.de\/cms\/wp-content\/uploads\/2017\/05\/MS-Dynamics-official-logo-768x254.png 768w, https:\/\/www.uniqconsult.de\/cms\/wp-content\/uploads\/2017\/05\/MS-Dynamics-official-logo-1024x338.png 1024w\" sizes=\"(max-width: 2118px) 100vw, 2118px\" alt=\"\" loading=\"lazy\" \t\tclass=\"so-widget-image\"\/>\n\t<\/div>\n\n<\/div><\/div><\/div><div id=\"pgc-48-1-1\"  class=\"panel-grid-cell\" ><div id=\"panel-48-1-1-0\" class=\"so-panel widget widget_sow-editor panel-first-child panel-last-child\" data-index=\"2\" ><div\n\t\t\t\n\t\t\tclass=\"so-widget-sow-editor so-widget-sow-editor-base\"\n\t\t\t\n\t\t>\n<div class=\"siteorigin-widget-tinymce textwidget\">\n\t<h4 class=\"c-paragraph\">Auf wechselnde Gesch\u00e4ftsanforderungen reagieren<\/h4>\n<p>Mit der richtigen ERP-L\u00f6sung f\u00fcr Ihr wachsendes Unternehmen sind Sie sofort einsatzbereit. Unser Know-how und\u00a0unsere langj\u00e4hrige Erfahrung\u00a0hilft\u00a0Ihnen bei der Erstellung und Bereitstellung der idealen Dynamics NAV-L\u00f6sung f\u00fcr Ihre individuellen Anforderungen. So sind Sie sofort startklar.<\/p>\n<\/div>\n<\/div><\/div><\/div><\/div><div id=\"pg-48-2\"  class=\"panel-grid panel-no-style\" ><div id=\"pgc-48-2-0\"  class=\"panel-grid-cell\" ><div id=\"panel-48-2-0-0\" class=\"so-panel widget widget_sow-editor panel-first-child panel-last-child\" data-index=\"3\" ><div\n\t\t\t\n\t\t\tclass=\"so-widget-sow-editor so-widget-sow-editor-base\"\n\t\t\t\n\t\t>\n<div class=\"siteorigin-widget-tinymce textwidget\">\n\t<h4>Ein System f\u00fcr all Ihre Anforderungen \u2013 damit Sie mehr erreichen<\/h4>\n<\/div>\n<\/div><\/div><\/div><\/div><div id=\"pg-48-3\"  class=\"panel-grid panel-no-style\" ><div id=\"pgc-48-3-0\"  class=\"panel-grid-cell\" ><div id=\"panel-48-3-0-0\" class=\"so-panel widget widget_sow-editor panel-first-child panel-last-child\" data-index=\"4\" ><div\n\t\t\t\n\t\t\tclass=\"so-widget-sow-editor so-widget-sow-editor-base\"\n\t\t\t\n\t\t>\n<div class=\"siteorigin-widget-tinymce textwidget\">\n\t<ul>\n<li>Einkauf\/Verkauf\/Lager, Lieferketten-Management und Fertigung<\/li>\n<li>Vertrieb und Service<\/li>\n<li>Projektmanagement<\/li>\n<li>Business Intelligence und Reporting<\/li>\n<li>Mehrw\u00e4hrungsf\u00e4higkeit<\/li>\n<li>Flexible Bereitstellung<\/li>\n<\/ul>\n<\/div>\n<\/div><\/div><\/div><div id=\"pgc-48-3-1\"  class=\"panel-grid-cell\" ><div id=\"panel-48-3-1-0\" class=\"so-panel widget widget_sow-image panel-first-child panel-last-child\" data-index=\"5\" ><div\n\t\t\t\n\t\t\tclass=\"so-widget-sow-image so-widget-sow-image-default-4e6925654b7a-48\"\n\t\t\t\n\t\t>\n<div class=\"sow-image-container\">\n\t\t<img src=\"https:\/\/www.uniqconsult.de\/cms\/wp-content\/uploads\/2017\/04\/whats-new-in-nav-2017.jpg\" width=\"852\" height=\"403\" srcset=\"https:\/\/www.uniqconsult.de\/cms\/wp-content\/uploads\/2017\/04\/whats-new-in-nav-2017.jpg 852w, https:\/\/www.uniqconsult.de\/cms\/wp-content\/uploads\/2017\/04\/whats-new-in-nav-2017-300x142.jpg 300w, https:\/\/www.uniqconsult.de\/cms\/wp-content\/uploads\/2017\/04\/whats-new-in-nav-2017-768x363.jpg 768w\" sizes=\"(max-width: 852px) 100vw, 852px\" alt=\"\" loading=\"lazy\" \t\tclass=\"so-widget-image\"\/>\n\t<\/div>\n\n<\/div><\/div><\/div><\/div><div id=\"pg-48-4\"  class=\"panel-grid panel-no-style\" ><div id=\"pgc-48-4-0\"  class=\"panel-grid-cell\" ><div id=\"panel-48-4-0-0\" class=\"so-panel widget widget_sow-editor panel-first-child panel-last-child\" data-index=\"6\" ><div\n\t\t\t\n\t\t\tclass=\"so-widget-sow-editor so-widget-sow-editor-base\"\n\t\t\t\n\t\t>\n<div class=\"siteorigin-widget-tinymce textwidget\">\n\t<h4>Mobile Ready: Eine Software f\u00fcr alle Plattformen<\/h4>\n<\/div>\n<\/div><\/div><\/div><\/div><div id=\"pg-48-5\"  class=\"panel-grid panel-no-style\" ><div id=\"pgc-48-5-0\"  class=\"panel-grid-cell\" ><div id=\"panel-48-5-0-0\" class=\"so-panel widget widget_sow-image panel-first-child panel-last-child\" data-index=\"7\" ><div\n\t\t\t\n\t\t\tclass=\"so-widget-sow-image so-widget-sow-image-default-4e6925654b7a-48\"\n\t\t\t\n\t\t>\n<div class=\"sow-image-container\">\n\t\t<img src=\"https:\/\/www.uniqconsult.de\/cms\/wp-content\/uploads\/2017\/04\/PC-Tablet-Phone.png\" width=\"800\" height=\"570\" srcset=\"https:\/\/www.uniqconsult.de\/cms\/wp-content\/uploads\/2017\/04\/PC-Tablet-Phone.png 800w, https:\/\/www.uniqconsult.de\/cms\/wp-content\/uploads\/2017\/04\/PC-Tablet-Phone-300x214.png 300w, https:\/\/www.uniqconsult.de\/cms\/wp-content\/uploads\/2017\/04\/PC-Tablet-Phone-768x547.png 768w\" sizes=\"(max-width: 800px) 100vw, 800px\" alt=\"\" loading=\"lazy\" \t\tclass=\"so-widget-image\"\/>\n\t<\/div>\n\n<\/div><\/div><\/div><div id=\"pgc-48-5-1\"  class=\"panel-grid-cell\" ><div id=\"panel-48-5-1-0\" class=\"so-panel widget widget_sow-editor panel-first-child panel-last-child\" data-index=\"8\" ><div\n\t\t\t\n\t\t\tclass=\"so-widget-sow-editor so-widget-sow-editor-base\"\n\t\t\t\n\t\t>\n<div class=\"siteorigin-widget-tinymce textwidget\">\n\t<ul>\n<li>Universal App f\u00fcr Smartphone, Tablet und Notebook<\/li>\n<li>Windows, Apple und Android unterst\u00fctzt<\/li>\n<li>Touchscreen-optimierte, rollenbasierte Oberfl\u00e4che<\/li>\n<li>Browserneutraler Webclient f\u00fcr alle Betriebssysteme<\/li>\n<li>Mobiles Arbeiten mit hoher Produktivit\u00e4t und ohne Einschr\u00e4nkungen<\/li>\n<\/ul>\n<\/div>\n<\/div><\/div><\/div><\/div><div id=\"pg-48-6\"  class=\"panel-grid panel-no-style\" ><div id=\"pgc-48-6-0\"  class=\"panel-grid-cell\" ><div id=\"panel-48-6-0-0\" class=\"so-panel widget widget_sow-editor panel-first-child panel-last-child\" data-index=\"9\" ><div\n\t\t\t\n\t\t\tclass=\"so-widget-sow-editor so-widget-sow-editor-base\"\n\t\t\t\n\t\t>\n<div class=\"siteorigin-widget-tinymce textwidget\">\n\t<p>Finden Sie Ihr Softwareprodukt, um\u00a0den Anforderungen in Ihrem Marktumfeld gerecht zu werden. Wir helfen Ihnen bei der Evaluierung und Dimensionierung neuer oder bestehender Softwarel\u00f6sungen f\u00fcr Ihr Unternehmen. Profitieren Sie von zertifizierten Softwarel\u00f6sungen und der Updatesicherheit aus der Microsoftfamilie. Sichern Sie Ihre Investion im Bereich Dynamics NAV mit einen Enhacement Plan von Microsoft.<\/p>\n<\/div>\n<\/div><\/div><\/div><\/div><div id=\"pg-48-7\"  class=\"panel-grid panel-no-style\" ><div id=\"pgc-48-7-0\"  class=\"panel-grid-cell\" ><div id=\"panel-48-7-0-0\" class=\"so-panel widget widget_sow-editor panel-first-child\" data-index=\"10\" ><div\n\t\t\t\n\t\t\tclass=\"so-widget-sow-editor so-widget-sow-editor-base\"\n\t\t\t\n\t\t>\n<div class=\"siteorigin-widget-tinymce textwidget\">\n\t<h5>Microsoft Dynamics NAV 2017 Capability Guide<\/h5>\n<p>Laden Sie sich die Microsoft Dynamics NAV 2017 Produkt- und Funktions\u00fcbersicht im PDF-Format.<\/p>\n<\/div>\n<\/div><\/div><div id=\"panel-48-7-0-1\" class=\"so-panel widget widget_sow-button panel-last-child\" data-index=\"11\" ><div\n\t\t\t\n\t\t\tclass=\"so-widget-sow-button so-widget-sow-button-flat-012d015164a9-48\"\n\t\t\t\n\t\t><div class=\"ow-button-base ow-button-align-center\">\n\t\t\t<a\n\t\t\t\t\thref=\"http:\/\/www.uniqconsult.de\/cms\/wp-content\/uploads\/2017\/04\/DynamicsNAV2017_CapabilityGuide_EN.pdf\"\n\t\t\t\t\tclass=\"sowb-button ow-icon-placement-left ow-button-hover\" \t>\n\t\t<span>\n\t\t\t<span class=\"sow-icon-fontawesome sow-fas\" data-sow-icon=\"&#xf019;\"\n\t\tstyle=\"color: #ffffff\" \n\t\taria-hidden=\"true\"><\/span>\n\t\t\tDownload\t\t<\/span>\n\t\t\t<\/a>\n\t<\/div>\n<\/div><\/div><\/div><div id=\"pgc-48-7-1\"  class=\"panel-grid-cell\" ><div id=\"panel-48-7-1-0\" class=\"so-panel widget widget_sow-editor panel-first-child\" data-index=\"12\" ><div\n\t\t\t\n\t\t\tclass=\"so-widget-sow-editor so-widget-sow-editor-base\"\n\t\t\t\n\t\t>\n<div class=\"siteorigin-widget-tinymce textwidget\">\n\t<h5>Was ist neu\u00a0in Microsoft Dynamics NAV 2017<\/h5>\n<p>Laden Sie sich die Neuerungen in Microsoft Dynamics NAV 2017 im PDF-Format oder schauen Sie in unseren <a href=\"http:\/\/www.uniqconsult.de\/cms\/microsoft-dynamics-nav-2017-mit-neuen-features-und-verbesserter-funktionalitaet\/\">Blog<\/a><\/p>\n<\/div>\n<\/div><\/div><div id=\"panel-48-7-1-1\" class=\"so-panel widget widget_sow-button panel-last-child\" data-index=\"13\" ><div\n\t\t\t\n\t\t\tclass=\"so-widget-sow-button so-widget-sow-button-flat-012d015164a9-48\"\n\t\t\t\n\t\t><div class=\"ow-button-base ow-button-align-center\">\n\t\t\t<a\n\t\t\t\t\thref=\"http:\/\/www.uniqconsult.de\/cms\/wp-content\/uploads\/2017\/04\/dynamics-nav-2017_what-is-new.pdf\"\n\t\t\t\t\tclass=\"sowb-button ow-icon-placement-left ow-button-hover\" \t>\n\t\t<span>\n\t\t\t<span class=\"sow-icon-fontawesome sow-fas\" data-sow-icon=\"&#xf019;\"\n\t\tstyle=\"color: #ffffff\" \n\t\taria-hidden=\"true\"><\/span>\n\t\t\tDownload\t\t<\/span>\n\t\t\t<\/a>\n\t<\/div>\n<\/div><\/div><\/div><\/div><div id=\"pg-48-8\"  class=\"panel-grid panel-has-style\" ><div class=\"siteorigin-panels-stretch panel-row-style panel-row-style-for-48-8\" data-stretch-type=\"full\" ><div id=\"pgc-48-8-0\"  class=\"panel-grid-cell\" ><div id=\"panel-48-8-0-0\" class=\"so-panel widget widget_text panel-first-child\" data-index=\"14\" >\t\t\t<div class=\"textwidget\"><h4 style=\"text-align: center;\">Wenn Sie Fragen haben, kontaktieren Sie uns. Wir freuen uns, Sie kennen zu lernen!<\/h4>\n<\/div>\n\t\t<\/div><div id=\"panel-48-8-0-1\" class=\"so-panel widget widget_sow-button panel-last-child\" data-index=\"15\" ><div\n\t\t\t\n\t\t\tclass=\"so-widget-sow-button so-widget-sow-button-flat-907572ce0b0b-48\"\n\t\t\t\n\t\t><div class=\"ow-button-base ow-button-align-center\">\n\t\t\t<a\n\t\t\t\t\thref=\"https:\/\/www.uniqconsult.de\/cms\/kontakt\/\"\n\t\t\t\t\tclass=\"sowb-button ow-icon-placement-left ow-button-hover\" \t>\n\t\t<span>\n\t\t\t\n\t\t\tNehmen Sie Kontakt mit uns auf \t\t<\/span>\n\t\t\t<\/a>\n\t<\/div>\n<\/div><\/div><\/div><\/div><\/div><\/div>","protected":false},"excerpt":{"rendered":"<p>Microsoft Dynamics NAV ist die umfassende Enterprise Resource Planning (ERP)-L\u00f6sung von Microsoft f\u00fcr kleine und mittelst\u00e4ndische Unternehmen. Sie gibt Ihnen umfassende Kontrolle \u00fcber alle Aspekte Ihrer Gesch\u00e4ftst\u00e4tigkeit \u2013 vom Finanzmanagement \u00fcber Einkauf, Verkauf, Lager und Logistik bis hin zu Fertigung und Servicemanagement. Microsoft Dynamics NAV ist aus dem deutschen Mittelstand nicht wegzudenken \u2013 aus gutem [&hellip;]<\/p>\n","protected":false},"author":1,"featured_media":106,"parent":0,"menu_order":0,"comment_status":"closed","ping_status":"closed","template":"template-full-width.php","meta":[],"_links":{"self":[{"href":"https:\/\/www.uniqconsult.de\/cms\/wp-json\/wp\/v2\/pages\/48"}],"collection":[{"href":"https:\/\/www.uniqconsult.de\/cms\/wp-json\/wp\/v2\/pages"}],"about":[{"href":"https:\/\/www.uniqconsult.de\/cms\/wp-json\/wp\/v2\/types\/page"}],"author":[{"embeddable":true,"href":"https:\/\/www.uniqconsult.de\/cms\/wp-json\/wp\/v2\/users\/1"}],"replies":[{"embeddable":true,"href":"https:\/\/www.uniqconsult.de\/cms\/wp-json\/wp\/v2\/comments?post=48"}],"version-history":[{"count":66,"href":"https:\/\/www.uniqconsult.de\/cms\/wp-json\/wp\/v2\/pages\/48\/revisions"}],"predecessor-version":[{"id":949,"href":"https:\/\/www.uniqconsult.de\/cms\/wp-json\/wp\/v2\/pages\/48\/revisions\/949"}],"wp:featuredmedia":[{"embeddable":true,"href":"https:\/\/www.uniqconsult.de\/cms\/wp-json\/wp\/v2\/media\/106"}],"wp:attachment":[{"href":"https:\/\/www.uniqconsult.de\/cms\/wp-json\/wp\/v2\/media?parent=48"}],"curies":[{"name":"wp","href":"https:\/\/api.w.org\/{rel}","templated":true}]}}