{"id":424,"date":"2017-09-03T15:12:03","date_gmt":"2017-09-03T13:12:03","guid":{"rendered":"http:\/\/www.uniqconsult.de\/cms\/?page_id=424"},"modified":"2024-08-22T01:10:56","modified_gmt":"2024-08-21T23:10:56","slug":"impressum","status":"publish","type":"page","link":"https:\/\/www.uniqconsult.de\/cms\/impressum\/","title":{"rendered":"Impressum"},"content":{"rendered":"<div id=\"pl-424\"  class=\"panel-layout\" ><div id=\"pg-424-0\"  class=\"panel-grid panel-no-style\" ><div id=\"pgc-424-0-0\"  class=\"panel-grid-cell\" ><div id=\"panel-424-0-0-0\" class=\"so-panel widget widget_sow-editor panel-first-child panel-last-child\" data-index=\"0\" ><div\n\t\t\t\n\t\t\tclass=\"so-widget-sow-editor so-widget-sow-editor-base\"\n\t\t\t\n\t\t>\n<div class=\"siteorigin-widget-tinymce textwidget\">\n\t<h4>Gesch\u00e4ftsf\u00fchrer<\/h4>\n<p><strong>Vertretungsberechtigte Personen:<\/strong><\/p>\n<p>Irina Maryshchak<br \/>\nRiemannweg 8<br \/>\n09130 Chemnitz<br \/>\nE-Mail: <a href=\"&#x6d;&#x61;&#x69;&#x6c;&#116;&#111;&#58;Ir&#x69;&#x6e;&#x61;&#x2e;&#x4d;&#97;&#114;&#121;sh&#x63;&#x68;&#x61;&#x6b;&#x40;&#117;&#110;&#105;qc&#x6f;&#x6e;&#x73;&#x75;&#x6c;&#116;&#46;&#100;e\">&#x49;&#114;i&#x6e;&#97;&#46;&#x4d;&#97;r&#x79;&#115;h&#x63;&#104;a&#x6b;&#64;u&#x6e;&#105;q&#x63;&#111;n&#x73;&#117;l&#x74;&#46;d&#x65;<\/a><\/p>\n<\/div>\n<\/div><\/div><\/div><\/div><div id=\"pg-424-1\"  class=\"panel-grid panel-no-style\" ><div id=\"pgc-424-1-0\"  class=\"panel-grid-cell\" ><div id=\"panel-424-1-0-0\" class=\"so-panel widget widget_sow-editor panel-first-child panel-last-child\" data-index=\"1\" ><div\n\t\t\t\n\t\t\tclass=\"so-widget-sow-editor so-widget-sow-editor-base\"\n\t\t\t\n\t\t>\n<div class=\"siteorigin-widget-tinymce textwidget\">\n\t<h4>Registereintrag<\/h4>\n<p>Eintragung im Handelsregister <br \/>Handelsregisternummer: HRB26916 <br \/>Registergericht: Amtsgericht Chemnitz <br \/>Umsatzsteuer-Identifikationsnummer: DE279617720<\/p>\n<\/div>\n<\/div><\/div><\/div><\/div><div id=\"pg-424-2\"  class=\"panel-grid panel-no-style\" ><div id=\"pgc-424-2-0\"  class=\"panel-grid-cell\" ><div id=\"panel-424-2-0-0\" class=\"so-panel widget widget_sow-editor panel-first-child panel-last-child\" data-index=\"2\" ><div\n\t\t\t\n\t\t\tclass=\"so-widget-sow-editor so-widget-sow-editor-base\"\n\t\t\t\n\t\t>\n<div class=\"siteorigin-widget-tinymce textwidget\">\n\t<h4>Haftungshinweis<\/h4>\n<p>Trotz sorgf\u00e4ltiger inhaltlicher Kontrolle, st\u00e4ndiger Pr\u00fcfung und Aktualisierung der Inhalte und Informationen auf der Website k\u00f6nnen wir hierf\u00fcr keine Haftung \u00fcbernehmen, da wir selbst bei Anwendung gr\u00f6\u00dfter Sorgfalt nicht ausschlie\u00dfen k\u00f6nnen, dass sich einzelne Daten zwischenzeitlich ge\u00e4ndert haben. Eine Haftung wird daher weder f\u00fcr Aktualit\u00e4t, noch die Vollst\u00e4ndigkeit und Richtigkeit der auf der Website dargestellten Informationen\/Daten \u00fcbernommen.<\/p>\n<p>Unser Angebot enth\u00e4lt Links zu externen Webseiten Dritter, auf deren Inhalte wir keinen Einfluss haben. Deshalb k\u00f6nnen wir f\u00fcr diese fremden Inhalte auch keine Gew\u00e4hr \u00fcbernehmen. F\u00fcr die Inhalte der verlinkten Seiten ist stets der jeweilige Anbieter oder Betreiber der Seiten verantwortlich. Die verlinkten Seiten wurden zum Zeitpunkt der Verlinkung auf m\u00f6gliche Rechtsverst\u00f6\u00dfe \u00fcberpr\u00fcft. Rechtswidrige Inhalte waren zum Zeitpunkt der Verlinkung nicht erkennbar. Eine permanente inhaltliche Kontrolle der verlinkten Seiten ist jedoch ohne konkrete Anhaltspunkte einer Rechtsverletzung nicht zumutbar und auch nicht m\u00f6glich. Bei Bekanntwerden von Rechtsverletzungen werden wir derartige Links umgehend entfernen.<\/p>\n<\/div>\n<\/div><\/div><\/div><\/div><div id=\"pg-424-3\"  class=\"panel-grid panel-no-style\" ><div id=\"pgc-424-3-0\"  class=\"panel-grid-cell\" ><div id=\"panel-424-3-0-0\" class=\"so-panel widget widget_sow-editor panel-first-child panel-last-child\" data-index=\"3\" ><div\n\t\t\t\n\t\t\tclass=\"so-widget-sow-editor so-widget-sow-editor-base\"\n\t\t\t\n\t\t>\n<div class=\"siteorigin-widget-tinymce textwidget\">\n\t<h4>Urheberrechte<\/h4>\n<p>Die uniQConsult GmbH ist als Betreiberin dieser Seiten stets bem\u00fcht, die Urheberrechte anderer zu beachten bzw. auf selbst erstellte sowie lizenzfreie Werke zur\u00fcckzugreifen. Die durch die Seitenbetreiber erstellten Inhalte und Werke auf diesen Seiten unterliegen dem deutschen Urheberrecht. Beitr\u00e4ge Dritter sind als solche gekennzeichnet. Die Vervielf\u00e4ltigung, Bearbeitung, Verbreitung und jede Art der Verwendung unter Missachtung des Urheberrechts ist verboten. Downloads und Kopien von und dieser Seite sind nur f\u00fcr den privaten Gebrauch gestattet. Eine dar\u00fcber hinausgehende Nutzung, insbesondere zu gewerblichen oder kommerziellen Zwecken ist nicht gestattet.<\/p>\n<\/div>\n<\/div><\/div><\/div><\/div><div id=\"pg-424-4\"  class=\"panel-grid panel-no-style\" ><div id=\"pgc-424-4-0\"  class=\"panel-grid-cell\" ><div id=\"panel-424-4-0-0\" class=\"so-panel widget widget_sow-editor panel-first-child panel-last-child\" data-index=\"4\" ><div\n\t\t\t\n\t\t\tclass=\"so-widget-sow-editor so-widget-sow-editor-base\"\n\t\t\t\n\t\t>\n<div class=\"siteorigin-widget-tinymce textwidget\">\n\t<h4>Handelsnamen Trademarks<\/h4>\n<p>Hier vorgestellte oder genannte Produkte, Marken, Namen und Logos sind Marken oder eingetragene Marken des jeweiligen Anbieters und unterliegen dem entsprechenden Markenrecht.<\/p>\n<\/div>\n<\/div><\/div><\/div><\/div><\/div>","protected":false},"excerpt":{"rendered":"<p>Gesch\u00e4ftsf\u00fchrer Vertretungsberechtigte Personen: Irina Maryshchak Riemannweg 8 09130 Chemnitz E-Mail: Ir&#105;&#110;&#97;&#46;&#x4d;&#x61;&#x72;&#x79;&#x73;hc&#104;&#97;&#107;&#64;&#x75;&#x6e;&#x69;&#x71;&#x63;on&#115;&#117;&#108;&#116;&#x2e;&#x64;&#x65; Registereintrag Eintragung im Handelsregister Handelsregisternummer: HRB26916 Registergericht: Amtsgericht Chemnitz Umsatzsteuer-Identifikationsnummer: DE279617720<\/p>\n","protected":false},"author":1,"featured_media":0,"parent":0,"menu_order":0,"comment_status":"closed","ping_status":"closed","template":"template-full-width.php","meta":[],"_links":{"self":[{"href":"https:\/\/www.uniqconsult.de\/cms\/wp-json\/wp\/v2\/pages\/424"}],"collection":[{"href":"https:\/\/www.uniqconsult.de\/cms\/wp-json\/wp\/v2\/pages"}],"about":[{"href":"https:\/\/www.uniqconsult.de\/cms\/wp-json\/wp\/v2\/types\/page"}],"author":[{"embeddable":true,"href":"https:\/\/www.uniqconsult.de\/cms\/wp-json\/wp\/v2\/users\/1"}],"replies":[{"embeddable":true,"href":"https:\/\/www.uniqconsult.de\/cms\/wp-json\/wp\/v2\/comments?post=424"}],"version-history":[{"count":24,"href":"https:\/\/www.uniqconsult.de\/cms\/wp-json\/wp\/v2\/pages\/424\/revisions"}],"predecessor-version":[{"id":1552,"href":"https:\/\/www.uniqconsult.de\/cms\/wp-json\/wp\/v2\/pages\/424\/revisions\/1552"}],"wp:attachment":[{"href":"https:\/\/www.uniqconsult.de\/cms\/wp-json\/wp\/v2\/media?parent=424"}],"curies":[{"name":"wp","href":"https:\/\/api.w.org\/{rel}","templated":true}]}}