{"id":16,"date":"2017-04-05T10:16:23","date_gmt":"2017-04-05T08:16:23","guid":{"rendered":"http:\/\/localhost\/wordpress\/?page_id=16"},"modified":"2020-01-07T21:45:47","modified_gmt":"2020-01-07T20:45:47","slug":"start","status":"publish","type":"page","link":"https:\/\/www.uniqconsult.de\/cms\/","title":{"rendered":"We are unique! UniQConsult."},"content":{"rendered":"<div id=\"pl-16\"  class=\"panel-layout\" ><div id=\"pg-16-0\"  class=\"panel-grid panel-no-style\" ><div id=\"pgc-16-0-0\"  class=\"panel-grid-cell\" ><div id=\"panel-16-0-0-0\" class=\"so-panel widget widget_sow-editor panel-first-child panel-last-child\" data-index=\"0\" ><div\n\t\t\t\n\t\t\tclass=\"so-widget-sow-editor so-widget-sow-editor-base\"\n\t\t\t\n\t\t>\n<div class=\"siteorigin-widget-tinymce textwidget\">\n\t<p>Bei der Einf\u00fchrung und Optimierung von Microsoft Dynamics NAV unterst\u00fctzen wir Sie mit L\u00f6sungen, die Ihre Prozesse nachhaltig verbessern und zur Kostensenkung beitragen k\u00f6nnen. Unsere St\u00e4rke liegt im Mittelstand. Hier kennen wir die Rahmenbedingungen aus eigener langj\u00e4hriger Erfahrung als NAV-Consultants und -Entwickler. Von diesem Know-how profitiert Ihr Unternehmen von der ersten Beratungsstunde an.<br \/> Als zertifizierter Microsoft Partner wurden wir mit Silver-Kompetenzen in den Bereichen Enterprise Resource Planning und Data Platform ausgezeichnet. Auf dieser Basis bieten wir Ihnen All-in-One-Businessl\u00f6sungen rund um Microsoft Dynamics NAV, Active Directory und MS Exchange aus einer Hand. Dazu geh\u00f6rt auch die SQL-Serverinstallation mit Wartung, Backup und Serverdimensionierung.<\/p>\n<p>Ganz gleich, ob Sie Ihre ERP-L\u00f6sung neu einf\u00fchren oder innerhalb Ihrer Unternehmenslandschaft optimieren wollen: Wir beraten Sie umfassend und exakt abgestimmt auf die Rahmenbedingungen Ihres Unternehmens. Wir setzen die notwendigen Prozesse auf und nehmen Individualanpassungen vor. Erg\u00e4nzend bieten wir praxisgerechte Coachings und Schulungen f\u00fcr Ihre Anwender. Auf Wunsch entwickeln wir ma\u00dfgeschneiderte branchenspezifische Module, Schnittstellen zur Anbindung von Drittsystemen an Microsoft Dynamics NAV und komplette Data-Warehouse-L\u00f6sungen.<\/p>\n<p>Unser Anspruch ist, Ihr Unternehmen individuell und unb\u00fcrokratisch zu betreuen. Deshalb baut uniQConsult auf flache Hierarchien und flexible, konsequent kundenorientierte Strukturen. Unser erfahrenes Team beherrscht neueste Technologien und setzt sie dort ein, wo sie Ihrem Unternehmen den maximalen Nutzen bringen.<\/p>\n<p>uniQConsult verfolgt eine einfache Philosophie: Customer First. Wir glauben an ehrliche, faire Beratung, die die Ziele unserer Kunden in den Vordergrund stellt. Wir geben unser Wissen gern weiter, durch Schulungen und durch verst\u00e4ndliche L\u00f6sungswege. Wir empfehlen aufw\u00e4ndige Entwicklungen nur dann, wenn die Standardsoftware ausgereizt ist. Wir setzen auf Qualit\u00e4t statt auf Quantit\u00e4t, bei den Dienstleistungen wie bei den Anpassungen.<\/p>\n<p>So machen wir aus Microsoft Dynamics NAV die Unternehmensl\u00f6sung, die Ihre Position im Wettbewerb nachhaltig sichert und st\u00e4rkt.<\/p>\n<\/div>\n<\/div><\/div><\/div><\/div><div id=\"pg-16-1\"  class=\"panel-grid panel-no-style\" ><div id=\"pgc-16-1-0\"  class=\"panel-grid-cell\" ><div id=\"panel-16-1-0-0\" class=\"so-panel widget widget_sow-editor panel-first-child panel-last-child\" data-index=\"1\" ><div\n\t\t\t\n\t\t\tclass=\"so-widget-sow-editor so-widget-sow-editor-base\"\n\t\t\t\n\t\t>\n<div class=\"siteorigin-widget-tinymce textwidget\">\n\t<h4>Diese Leistungen bieten wir unseren Kunden und Interessenten<\/h4>\n<\/div>\n<\/div><\/div><\/div><\/div><div id=\"pg-16-2\"  class=\"panel-grid panel-no-style\" ><div id=\"pgc-16-2-0\"  class=\"panel-grid-cell\" ><div id=\"panel-16-2-0-0\" class=\"so-panel widget widget_text panel-first-child panel-last-child\" data-index=\"2\" >\t\t\t<div class=\"textwidget\"><section id=\"huge_it_portfolio_container_1\" data-object-name=\"images_obj_1\">\r\n\t<div id=\"huge-it-container-loading-overlay_1\"><\/div>\r\n\t<div id=\"huge_it_portfolio_content_1\"\r\n\t\t\t class=\"portfolio-gallery-content elastic_grid view-elastic-grid\"\r\n\t\t \t data-show-loading=\"on\"\r\n\t\t\t data-image-behaviour=\"crop\">\r\n\r\n\t<\/div>\r\n<\/section><style>\r\n#huge_it_portfolio_container_1 ul#portfolio-filter {\r\n text-align: center;\r\n}\r\n\r\n#huge_it_portfolio_container_1 ul#portfolio-filter li {\r\n float: none;\r\n}\r\n\r\n#huge_it_portfolio_container_1 ul#portfolio-filter a {\r\n    display: inline-block;\r\n    color: #444444;\r\n    background-color: #F7F7F7;\r\n    padding: 8px;\r\n    border-radius: 4px;\r\n    -moz-border-radius: 4px;\r\n    -webkit-border-radius: 4px;\r\n}\r\n\r\n#huge_it_portfolio_container_1 ul#portfolio-filter li.current a {\r\n    color: #fff !important;\r\n    background-color: #666 !important;\r\n}\r\n\r\n#huge_it_portfolio_container_1 ul#portfolio-filter li.current a:hover {\r\n    color: #fff !important;\r\n    background-color: #666 !important;\r\n}\r\n\r\n#huge_it_portfolio_container_1 ul#portfolio-filter a:hover {\r\n    color: #fff;\r\n    background-color: #FF3845;\r\n}\r\n\r\n#huge_it_portfolio_container_1 #huge-it-container-loading-overlay_1 {\r\n    width: 100%;\r\n    height: 100%;\r\n    position: absolute;\r\n    z-index: 1;\r\n    background: url(https:\/\/www.uniqconsult.de\/cms\/wp-content\/plugins\/portfolio-gallery\/assets\/images\/loading\/loading-3.svg) center top;\r\n    background-repeat: no-repeat;\r\n    background-size: 60px auto;\r\n}\r\n\r\n#huge_it_portfolio_container_1 #huge_it_portfolio_content_1 {\r\n opacity: 0;\r\n}\r\n\r\n#huge_it_portfolio_container_1 {\r\n    position: relative;\r\n    display: inline-block;\r\n    width: 100%;\r\n}\r\n\r\n#huge_it_portfolio_content_1 .wagwep-container {\r\n display: none;\r\n}\r\n\r\n#huge_it_portfolio_content_1 ul.og-grid {\r\n    padding: 0;\r\n text-align: center;\r\n}\r\n\r\n#huge_it_portfolio_content_1 .og-grid > li {\r\n    width: 250px;\r\n    height: 150px;\r\n margin: 10px 5px 0 5px;\r\n}\r\n\r\n#huge_it_portfolio_content_1 .og-grid > li > a {\r\n    width: 100%;\r\n    height: 100%;\r\n    overflow: hidden;\r\n    box-shadow: none;\r\n    max-height: 150px;\r\n    border: solid #DEDEDE 0px;\r\n}\r\n\r\n#huge_it_portfolio_content_1 .og-grid li > a > img {\r\n max-width: none;\r\n    max-height: none;\r\n}\r\n\r\n#huge_it_portfolio_content_1 .og-grid > li > a > figure > span {\r\n    padding: 10px 0;\r\n    margin: 40px 20px 20px 20px;\r\n    color: #FFFFFF;\r\n    border-bottom: solid #FFFFFF 1px;\r\n    font-size: 16px;\r\n    text-align: center;\r\n}\r\n\r\n#huge_it_portfolio_content_1 .og-grid > li .og-pointer {\r\n    border-bottom-color: #222222;\r\n}\r\n\r\n#huge_it_portfolio_content_1 .og-grid > li > a > figure {\r\n    background: rgba(72,72,72,0.7) ;\r\n    margin: 0;\r\n}\r\n\r\n#huge_it_portfolio_content_1 .og-expander {\r\n    width: 100%;\r\n    background: rgba(34,34,34,1) ;\r\n left: 50%;\r\n    transform: translateX(-50%);\r\n}\r\n\r\n#huge_it_portfolio_content_1 .og-expander .elastislide-wrapper {\r\n    background-color: #313131;\r\n box-shadow: inset 0 0 10px #000;\r\n    -moz-box-shadow: inset 0 0 10px #000;\r\n    -webkit-box-shadow: inset 0 0 10px #000;\r\n    margin-bottom: 25px;\r\n    height: 100px;\r\n    box-sizing: content-box;\r\n}\r\n\r\n#huge_it_portfolio_content_1 .og-expander ul.elastislide-list {\r\n    padding: 0;\r\n}\r\n\r\n#huge_it_portfolio_content_1 .og-expander ul.elastislide-list li {\r\n    margin: 0 2% 5px 1%;\r\n    max-width: none !important;\r\n    max-height: none !important;\r\n    width: 100px !important;\r\n    height: 100px !important;\r\n}\r\n\r\n#huge_it_portfolio_content_1 .og-expander ul.elastislide-list li > a > img {\r\n    width: 100%;\r\n    height: 100%;\r\n    max-width: none;\r\n    max-height: none;\r\n    border: 2px solid #313131px;\r\n}\r\n\r\n#huge_it_portfolio_content_1 .og-expander ul.elastislide-list li > a > img.selected {\r\n    border: 2px solid #999999;\r\n}\r\n\r\n#huge_it_portfolio_content_1 .og-expander ul.elastislide-list li > a {\r\n    width: 100%;\r\n    height: 100%;\r\n}\r\n\r\n#huge_it_portfolio_content_1 .og-expander .og-details a.link-button {\r\n    font-size: 11px;\r\n    color: #9f9f9f;\r\n    background-color: #454545;\r\n    box-shadow: none;\r\n}\r\n\r\n#huge_it_portfolio_content_1 .og-expander .og-details a.link-button:hover {\r\n    color: #999;\r\n    background: -webkit-gradient(\r\n        linear, left top, left bottom,\r\n        from(#454545),\r\n        to(#131313));\r\n}\r\n\r\n#huge_it_portfolio_content_1 .og-expander .og-expander-inner {\r\n    display: inline-block;\r\n    width: 100%;\r\n}\r\n\r\n#huge_it_portfolio_content_1 .og-expander .og-details p {\r\n    font-size: 13px;\r\n    color: #999;\r\n    text-align: left;\r\n    margin: 0;\r\n}\r\n\r\n#huge_it_portfolio_content_1 .og-expander .og-close {\r\n    z-index: 999;\r\n}\r\n\r\n#huge_it_portfolio_content_1 .og-expander .og-details {\r\n    float: right;\r\n    height: auto;\r\n}\r\n\r\n#huge_it_portfolio_content_1 .og-expander .og-details h3 {\r\n    color: #FFFFFF;\r\n}\r\n\r\n#huge_it_portfolio_content_1 .og-fullimg {\r\n    height: 100%;\r\n    float: left;\r\n}\r\n\r\n#huge_it_portfolio_content_1 .og-fullimg img {\r\n    margin-bottom: 25px;\r\n    width: 100%;\r\n}\r\n\r\n#huge_it_portfolio_content_1 .og-fullimg iframe {\r\n    width: 100%;\r\n    border: none;\r\n}\r\n\r\n@media (max-width: 767px){\r\n    #huge_it_portfolio_content_1 .og-fullimg {\r\n        height: auto;\r\n    }\r\n}\r\n\r\n<\/style >\n<\/div>\n\t\t<\/div><\/div><\/div><div id=\"pg-16-3\"  class=\"panel-grid panel-no-style\" ><div id=\"pgc-16-3-0\"  class=\"panel-grid-cell\" ><div id=\"panel-16-3-0-0\" class=\"so-panel widget widget_sow-editor panel-first-child panel-last-child\" data-index=\"3\" ><div class=\"panel-widget-style panel-widget-style-for-16-3-0-0\" ><div\n\t\t\t\n\t\t\tclass=\"so-widget-sow-editor so-widget-sow-editor-base\"\n\t\t\t\n\t\t>\n<div class=\"siteorigin-widget-tinymce textwidget\">\n\t<p>Die oben aufgef\u00fchrten Bildmarken (Logos) sind eingetragene Warenzeichen der jeweiligen Hersteller und ausdr\u00fccklich keine uniQConsult GmbH-eigenen Technologien oder Produkte. UniQConsult GmbH verf\u00fcgt \u00fcber Know-how in diesen Technologien und bietet auf dieser Basis Dienstleistungen an.<\/p>\n<\/div>\n<\/div><\/div><\/div><\/div><\/div><div id=\"pg-16-4\"  class=\"panel-grid panel-has-style\" ><div class=\"siteorigin-panels-stretch panel-row-style panel-row-style-for-16-4\" data-stretch-type=\"full\" ><div id=\"pgc-16-4-0\"  class=\"panel-grid-cell\" ><div id=\"panel-16-4-0-0\" class=\"so-panel widget widget_text panel-first-child panel-last-child\" data-index=\"4\" >\t\t\t<div class=\"textwidget\"><h4>Nehmen Sie Kontakt mit uns auf<\/h4>\n\n<div class=\"wpcf7 no-js\" id=\"wpcf7-f1347-o1\" lang=\"de-DE\" dir=\"ltr\">\n<div class=\"screen-reader-response\"><p role=\"status\" aria-live=\"polite\" aria-atomic=\"true\"><\/p> <ul><\/ul><\/div>\n<form action=\"\/cms\/wp-json\/wp\/v2\/pages\/16#wpcf7-f1347-o1\" method=\"post\" class=\"wpcf7-form init\" aria-label=\"Kontaktformular\" novalidate=\"novalidate\" data-status=\"init\">\n<div style=\"display: none;\">\n<input type=\"hidden\" name=\"_wpcf7\" value=\"1347\" \/>\n<input type=\"hidden\" name=\"_wpcf7_version\" value=\"5.8.1\" \/>\n<input type=\"hidden\" name=\"_wpcf7_locale\" value=\"de_DE\" \/>\n<input type=\"hidden\" name=\"_wpcf7_unit_tag\" value=\"wpcf7-f1347-o1\" \/>\n<input type=\"hidden\" name=\"_wpcf7_container_post\" value=\"0\" \/>\n<input type=\"hidden\" name=\"_wpcf7_posted_data_hash\" value=\"\" \/>\n<\/div>\n<p><label> Ihr Name (Pflichtfeld)<br \/>\n<span class=\"wpcf7-form-control-wrap\" data-name=\"your-name\"><input size=\"40\" class=\"wpcf7-form-control wpcf7-text wpcf7-validates-as-required\" aria-required=\"true\" aria-invalid=\"false\" value=\"\" type=\"text\" name=\"your-name\" \/><\/span> <\/label>\n<\/p>\n<p><label> Ihre E-Mail-Adresse (Pflichtfeld)<br \/>\n<span class=\"wpcf7-form-control-wrap\" data-name=\"your-email\"><input size=\"40\" class=\"wpcf7-form-control wpcf7-email wpcf7-validates-as-required wpcf7-text wpcf7-validates-as-email\" aria-required=\"true\" aria-invalid=\"false\" value=\"\" type=\"email\" name=\"your-email\" \/><\/span> <\/label>\n<\/p>\n<p><span id=\"wpcf7-69ea173d17deb-wrapper\" class=\"wpcf7-form-control-wrap website-02-wrap\" ><label for=\"wpcf7-69ea173d17deb-field\" class=\"hp-message\">Bitte lasse dieses Feld leer.<\/label><input id=\"wpcf7-69ea173d17deb-field\"  class=\"wpcf7-form-control wpcf7-text\" type=\"text\" name=\"website-02\" value=\"\" size=\"40\" tabindex=\"-1\" autocomplete=\"new-password\" \/><\/span><br \/>\n<span id=\"wpcf7-69ea173d17e97-wrapper\" class=\"wpcf7-form-control-wrap phone-02-wrap\" ><label for=\"wpcf7-69ea173d17e97-field\" class=\"hp-message\">Bitte lasse dieses Feld leer.<\/label><input id=\"wpcf7-69ea173d17e97-field\"  class=\"wpcf7-form-control wpcf7-text\" type=\"text\" name=\"phone-02\" value=\"\" size=\"40\" tabindex=\"-1\" autocomplete=\"new-password\" \/><\/span>\n<\/p>\n<p><label> Betreff<br \/>\n<span class=\"wpcf7-form-control-wrap\" data-name=\"your-subject\"><input size=\"40\" class=\"wpcf7-form-control wpcf7-text\" aria-invalid=\"false\" value=\"\" type=\"text\" name=\"your-subject\" \/><\/span> <\/label>\n<\/p>\n<p><label> Ihre Nachricht<br \/>\n<span class=\"wpcf7-form-control-wrap\" data-name=\"your-message\"><textarea cols=\"40\" rows=\"10\" class=\"wpcf7-form-control wpcf7-textarea\" aria-invalid=\"false\" name=\"your-message\"><\/textarea><\/span> <\/label>\n<\/p>\n<p><span class=\"wpcf7-form-control-wrap\" data-name=\"your-consent\"><span class=\"wpcf7-form-control wpcf7-acceptance\"><span class=\"wpcf7-list-item\"><label><input type=\"checkbox\" name=\"your-consent\" value=\"1\" aria-invalid=\"false\" \/><span class=\"wpcf7-list-item-label\">Ich habe die <a href=\"\/cms\/datenschutzerklaerung\/\" target=\"_top\" rel=\"noopener\">Datenschutzerkl\u00e4rung<\/a> gelesen. (Pflichtfeld)<\/span><\/label><\/span><\/span><\/span>\n<\/p>\n<p><input class=\"wpcf7-form-control wpcf7-submit has-spinner\" type=\"submit\" value=\"Senden\" \/>\n<\/p><div class=\"wpcf7-response-output\" aria-hidden=\"true\"><\/div>\n<\/form>\n<\/div>\n\n<p>Mit dem Absenden des Kontaktformulars erkl\u00e4ren Sie sich damit einverstanden, dass Ihre Daten zur Bearbeitung Ihres Anliegens verwendet werden (Weitere Informationen und Widerrufshinweise finden Sie in der\u00a0<a href=\"\/cms\/datenschutzerklaerung\/\">Datenschutzerkl\u00e4rung<\/a>).<\/p>\n<\/div>\n\t\t<\/div><\/div><\/div><\/div><\/div>","protected":false},"excerpt":{"rendered":"<p>Bei der Einf\u00fchrung und Optimierung von Microsoft Dynamics NAV unterst\u00fctzen wir Sie mit L\u00f6sungen, die Ihre Prozesse nachhaltig verbessern und zur Kostensenkung beitragen k\u00f6nnen. Unsere St\u00e4rke liegt im Mittelstand. Hier kennen wir die Rahmenbedingungen aus eigener langj\u00e4hriger Erfahrung als NAV-Consultants und -Entwickler. Von diesem Know-how profitiert Ihr Unternehmen von der ersten Beratungsstunde an. Als zertifizierter [&hellip;]<\/p>\n","protected":false},"author":1,"featured_media":0,"parent":0,"menu_order":0,"comment_status":"closed","ping_status":"closed","template":"template-full-width.php","meta":[],"_links":{"self":[{"href":"https:\/\/www.uniqconsult.de\/cms\/wp-json\/wp\/v2\/pages\/16"}],"collection":[{"href":"https:\/\/www.uniqconsult.de\/cms\/wp-json\/wp\/v2\/pages"}],"about":[{"href":"https:\/\/www.uniqconsult.de\/cms\/wp-json\/wp\/v2\/types\/page"}],"author":[{"embeddable":true,"href":"https:\/\/www.uniqconsult.de\/cms\/wp-json\/wp\/v2\/users\/1"}],"replies":[{"embeddable":true,"href":"https:\/\/www.uniqconsult.de\/cms\/wp-json\/wp\/v2\/comments?post=16"}],"version-history":[{"count":63,"href":"https:\/\/www.uniqconsult.de\/cms\/wp-json\/wp\/v2\/pages\/16\/revisions"}],"predecessor-version":[{"id":344,"href":"https:\/\/www.uniqconsult.de\/cms\/wp-json\/wp\/v2\/pages\/16\/revisions\/344"}],"wp:attachment":[{"href":"https:\/\/www.uniqconsult.de\/cms\/wp-json\/wp\/v2\/media?parent=16"}],"curies":[{"name":"wp","href":"https:\/\/api.w.org\/{rel}","templated":true}]}}