{"id":1139,"date":"2017-11-29T20:07:07","date_gmt":"2017-11-29T19:07:07","guid":{"rendered":"http:\/\/www.uniqconsult.de\/cms\/?page_id=1139"},"modified":"2018-06-13T07:57:37","modified_gmt":"2018-06-13T05:57:37","slug":"produkte","status":"publish","type":"page","link":"https:\/\/www.uniqconsult.de\/cms\/produkte\/","title":{"rendered":"Produkte"},"content":{"rendered":"<div id=\"pl-1139\"  class=\"panel-layout\" ><div id=\"pg-1139-0\"  class=\"panel-grid panel-has-style\" ><div class=\"siteorigin-panels-stretch panel-row-style panel-row-style-for-1139-0\" data-stretch-type=\"full\" ><div id=\"pgc-1139-0-0\"  class=\"panel-grid-cell\" ><div id=\"panel-1139-0-0-0\" class=\"so-panel widget widget_sow-editor panel-first-child panel-last-child\" data-index=\"0\" ><div\n\t\t\t\n\t\t\tclass=\"so-widget-sow-editor so-widget-sow-editor-base\"\n\t\t\t\n\t\t>\n<div class=\"siteorigin-widget-tinymce textwidget\">\n\t<h2>Texteditor f\u00fcr DYNAMICS NAV<\/h2>\n<p>Der Texteditor f\u00fcr Dynamics NAV wurde als Add-In entwickelt und erm\u00f6glicht das dynamische Erfassen mehrzeiliger Texte direkt in Belegen, Bemerkungen oder anderen Bereichen des ERP-Systems ohne Beachtung der Zeichenl\u00e4nge.<\/p>\n<p>Erh\u00f6hen Sie mit einfachen technischen Mitteln die Produktivit\u00e4t und die Motivation Ihrer Mitarbeiter beim Erfassen von Texten in Einkaufs- und Verkaufsbelegen, Bemerkungen oder anderen Bereichen der Anwendung.<\/p>\n<p><a href=\"http:\/\/www.uniqconsult.de\/cms\/wp-content\/uploads\/produktblatt-texteditor-web.pdf\" target=\"_blank\" rel=\"noopener\">Download Produktblatt<\/a><\/p>\n<\/div>\n<\/div><\/div><\/div><div id=\"pgc-1139-0-1\"  class=\"panel-grid-cell\" ><div id=\"panel-1139-0-1-0\" class=\"so-panel widget widget_sow-image panel-first-child panel-last-child\" data-index=\"1\" ><div\n\t\t\t\n\t\t\tclass=\"so-widget-sow-image so-widget-sow-image-default-c67d20f9f743-1139\"\n\t\t\t\n\t\t>\n<div class=\"sow-image-container\">\n\t\t<img src=\"https:\/\/www.uniqconsult.de\/cms\/wp-content\/uploads\/Logo-NAV-TextEditor-800px-96dpi.png\" width=\"800\" height=\"94\" srcset=\"https:\/\/www.uniqconsult.de\/cms\/wp-content\/uploads\/Logo-NAV-TextEditor-800px-96dpi.png 800w, https:\/\/www.uniqconsult.de\/cms\/wp-content\/uploads\/Logo-NAV-TextEditor-800px-96dpi-300x35.png 300w, https:\/\/www.uniqconsult.de\/cms\/wp-content\/uploads\/Logo-NAV-TextEditor-800px-96dpi-768x90.png 768w\" sizes=\"(max-width: 800px) 100vw, 800px\" title=\"Logo &#8211; NAV-TextEditor &#8211; 800px 96dpi\" alt=\"\" loading=\"lazy\" \t\tclass=\"so-widget-image\"\/>\n\t<\/div>\n\n<\/div><\/div><\/div><\/div><\/div><div id=\"pg-1139-1\"  class=\"panel-grid panel-has-style\" ><div class=\"siteorigin-panels-stretch panel-row-style panel-row-style-for-1139-1\" data-stretch-type=\"full\" ><div id=\"pgc-1139-1-0\"  class=\"panel-grid-cell\" ><div id=\"panel-1139-1-0-0\" class=\"so-panel widget widget_sow-editor panel-first-child panel-last-child\" data-index=\"2\" ><div\n\t\t\t\n\t\t\tclass=\"so-widget-sow-editor so-widget-sow-editor-base\"\n\t\t\t\n\t\t>\n<div class=\"siteorigin-widget-tinymce textwidget\">\n\t<h2>Zugangsverwaltung f\u00fcr Dynamics NAV<\/h2>\n<p>Mit dem Zusatzmodul \u201eZugangsverwaltung\u201c haben Sie die M\u00f6glichkeit, Benutzerzug\u00e4nge, Anmeldungen f\u00fcr Portale oder allgemeine Daten strukturiert und zentral zu erfassen. Ihre Daten k\u00f6nnen Sie auf Wunsch mit einer Verschl\u00fcsselung versehen und zus\u00e4tzlich auf einzelne Zust\u00e4ndigkeiten abgrenzen.<\/p>\n<p>Verwalten Sie Ihre sensiblen Daten sowohl f\u00fcr Ihre Lieferanten als auch f\u00fcr Ihre Kunden. Dabei haben Sie die M\u00f6glichkeit, f\u00fcr einen Lieferanten\/Kunden jeweils mehrere einzelne Zugangsverwaltungen zu erstellen oder alle Daten innerhalb einer Zugangsverwaltungskarte zu b\u00fcndeln.<\/p>\n<p><a href=\"http:\/\/www.uniqconsult.de\/cms\/wp-content\/uploads\/produktblatt-zugangsverwaltung-web.pdf\" target=\"_blank\" rel=\"noopener\">Download Produktblatt<\/a><\/p>\n<\/div>\n<\/div><\/div><\/div><div id=\"pgc-1139-1-1\"  class=\"panel-grid-cell\" ><div id=\"panel-1139-1-1-0\" class=\"so-panel widget widget_sow-image panel-first-child panel-last-child\" data-index=\"3\" ><div\n\t\t\t\n\t\t\tclass=\"so-widget-sow-image so-widget-sow-image-default-c67d20f9f743-1139\"\n\t\t\t\n\t\t>\n<div class=\"sow-image-container\">\n\t\t<img src=\"https:\/\/www.uniqconsult.de\/cms\/wp-content\/uploads\/logo-nav-zugangsverwaltung.png\" width=\"800\" height=\"70\" srcset=\"https:\/\/www.uniqconsult.de\/cms\/wp-content\/uploads\/logo-nav-zugangsverwaltung.png 800w, https:\/\/www.uniqconsult.de\/cms\/wp-content\/uploads\/logo-nav-zugangsverwaltung-300x26.png 300w, https:\/\/www.uniqconsult.de\/cms\/wp-content\/uploads\/logo-nav-zugangsverwaltung-768x67.png 768w\" sizes=\"(max-width: 800px) 100vw, 800px\" alt=\"\" loading=\"lazy\" \t\tclass=\"so-widget-image\"\/>\n\t<\/div>\n\n<\/div><\/div><\/div><\/div><\/div><div id=\"pg-1139-2\"  class=\"panel-grid panel-has-style\" ><div class=\"siteorigin-panels-stretch panel-row-style panel-row-style-for-1139-2\" data-stretch-type=\"full\" ><div id=\"pgc-1139-2-0\"  class=\"panel-grid-cell\" ><div id=\"panel-1139-2-0-0\" class=\"so-panel widget widget_sow-editor panel-first-child panel-last-child\" data-index=\"4\" ><div\n\t\t\t\n\t\t\tclass=\"so-widget-sow-editor so-widget-sow-editor-base\"\n\t\t\t\n\t\t>\n<div class=\"siteorigin-widget-tinymce textwidget\">\n\t<h2>Zusatzfelder f\u00fcr Dynamics NAV<\/h2>\n<p>Mit dem Modul \u201eZusatzfelder\u201c haben Sie die M\u00f6glichkeit, eigene Felder f\u00fcr Stamm- und\/oder Bewegungsdaten zu definieren und zu kategorisieren.<\/p>\n<p>Am Beispiel \u201ePC System\u201c wird schnell die N\u00fctzlichkeit der Felder klar. Ein PC-System ist ein Produkt, welches \u00fcber sehr viele Eigenschaften verf\u00fcgt, die man sehr gut tabellarisch abbilden kann. F\u00fcr jede diese Eigenschaft musste man das ERP System an der richtigen Stelle anpassen. Die Tabelle musste um das Feld erweitert werden und die Schnittstelle zum Anwender geschaffen werden. D.h. Anpassung der Page (ehemals Formular).<\/p>\n<p><a href=\"http:\/\/www.uniqconsult.de\/cms\/wp-content\/uploads\/produktblatt-zusatzfelder-web.pdf\" target=\"_blank\" rel=\"noopener\">Download Produktblatt<\/a><\/p>\n<\/div>\n<\/div><\/div><\/div><div id=\"pgc-1139-2-1\"  class=\"panel-grid-cell\" ><div id=\"panel-1139-2-1-0\" class=\"so-panel widget widget_sow-image panel-first-child panel-last-child\" data-index=\"5\" ><div\n\t\t\t\n\t\t\tclass=\"so-widget-sow-image so-widget-sow-image-default-c67d20f9f743-1139\"\n\t\t\t\n\t\t>\n<div class=\"sow-image-container\">\n\t\t<img src=\"https:\/\/www.uniqconsult.de\/cms\/wp-content\/uploads\/logo-nav-zusatzfelder.png\" width=\"800\" height=\"86\" srcset=\"https:\/\/www.uniqconsult.de\/cms\/wp-content\/uploads\/logo-nav-zusatzfelder.png 800w, https:\/\/www.uniqconsult.de\/cms\/wp-content\/uploads\/logo-nav-zusatzfelder-300x32.png 300w, https:\/\/www.uniqconsult.de\/cms\/wp-content\/uploads\/logo-nav-zusatzfelder-768x83.png 768w\" sizes=\"(max-width: 800px) 100vw, 800px\" alt=\"\" loading=\"lazy\" \t\tclass=\"so-widget-image\"\/>\n\t<\/div>\n\n<\/div><\/div><\/div><\/div><\/div><\/div>","protected":false},"excerpt":{"rendered":"<p>Texteditor f\u00fcr DYNAMICS NAV Der Texteditor f\u00fcr Dynamics NAV wurde als Add-In entwickelt und erm\u00f6glicht das dynamische Erfassen mehrzeiliger Texte direkt in Belegen, Bemerkungen oder anderen Bereichen des ERP-Systems ohne Beachtung der Zeichenl\u00e4nge. Erh\u00f6hen Sie mit einfachen technischen Mitteln die Produktivit\u00e4t und die Motivation Ihrer Mitarbeiter beim Erfassen von Texten in Einkaufs- und Verkaufsbelegen, Bemerkungen [&hellip;]<\/p>\n","protected":false},"author":1,"featured_media":0,"parent":0,"menu_order":0,"comment_status":"closed","ping_status":"closed","template":"template-full-width.php","meta":[],"_links":{"self":[{"href":"https:\/\/www.uniqconsult.de\/cms\/wp-json\/wp\/v2\/pages\/1139"}],"collection":[{"href":"https:\/\/www.uniqconsult.de\/cms\/wp-json\/wp\/v2\/pages"}],"about":[{"href":"https:\/\/www.uniqconsult.de\/cms\/wp-json\/wp\/v2\/types\/page"}],"author":[{"embeddable":true,"href":"https:\/\/www.uniqconsult.de\/cms\/wp-json\/wp\/v2\/users\/1"}],"replies":[{"embeddable":true,"href":"https:\/\/www.uniqconsult.de\/cms\/wp-json\/wp\/v2\/comments?post=1139"}],"version-history":[{"count":21,"href":"https:\/\/www.uniqconsult.de\/cms\/wp-json\/wp\/v2\/pages\/1139\/revisions"}],"predecessor-version":[{"id":1384,"href":"https:\/\/www.uniqconsult.de\/cms\/wp-json\/wp\/v2\/pages\/1139\/revisions\/1384"}],"wp:attachment":[{"href":"https:\/\/www.uniqconsult.de\/cms\/wp-json\/wp\/v2\/media?parent=1139"}],"curies":[{"name":"wp","href":"https:\/\/api.w.org\/{rel}","templated":true}]}}